{"id":1079,"date":"2015-07-29T13:44:44","date_gmt":"2015-07-29T13:44:44","guid":{"rendered":"https:\/\/blockart-agency.sites.qsandbox.com\/?page_id=4"},"modified":"2026-02-21T08:41:05","modified_gmt":"2026-02-21T08:41:05","slug":"etusivu","status":"publish","type":"page","link":"https:\/\/veteraaniensmhiihdot2026.fi\/","title":{"rendered":"Etusivu"},"content":{"rendered":"\n<div class=\"blockart-section blockart-section-ca3b7b9f\"><div class=\"blockart-container-fluid\"><div class=\"blockart-section-inner\">\n<div class=\"blockart-column blockart-column-8ce01542\"><div class=\"blockart-column-inner\">\n<figure class=\"blockart-image blockart-image-9a37870e\"><img loading=\"lazy\" decoding=\"async\" class=\"wp-image-400 hover-effect-static filter-none mask mask-none\" src=\"https:\/\/veteraaniensmhiihdot2026.fi\/wp-content\/uploads\/2021\/12\/icon-experts.png\" alt=\"\" height=\"64\" width=\"64\"\/><\/figure>\n\n\n\n<h2 class=\"blockart-heading blockart-heading-2276db7c\">Yli 200 kilpailijaa<\/h2>\n<\/div><\/div>\n\n\n\n<div class=\"blockart-column blockart-column-4f83a669\"><div class=\"blockart-column-inner\">\n<figure class=\"blockart-image blockart-image-4b27d419\"><img loading=\"lazy\" decoding=\"async\" class=\"wp-image-402 hover-effect-static filter-none mask mask-none\" src=\"https:\/\/veteraaniensmhiihdot2026.fi\/wp-content\/uploads\/2021\/12\/client.png\" alt=\"\" height=\"64\" width=\"64\"\/><\/figure>\n\n\n\n<h2 class=\"blockart-heading blockart-heading-7762735e\">yli 20 mestaria<\/h2>\n<\/div><\/div>\n\n\n\n<div class=\"blockart-column blockart-column-e090615f\"><div class=\"blockart-column-inner\">\n<figure class=\"blockart-image blockart-image-1db335ff\"><img loading=\"lazy\" decoding=\"async\" class=\"wp-image-80 hover-effect-static filter-none mask mask-none\" src=\"https:\/\/zakrademos.com\/agency-03\/wp-content\/uploads\/sites\/102\/2021\/12\/icon-pixel-perfect.png\" alt=\"\" height=\"67\" width=\"66\"\/><\/figure>\n\n\n\n<h2 class=\"blockart-heading blockart-heading-e868582c\">Hyv\u00e4\u00e4 fiilist\u00e4<\/h2>\n<\/div><\/div>\n\n\n\n<div class=\"blockart-column blockart-column-71394df3\"><div class=\"blockart-column-inner\">\n<figure class=\"blockart-image blockart-image-1460ab37\"><img loading=\"lazy\" decoding=\"async\" class=\"wp-image-82 hover-effect-static filter-none mask mask-none\" src=\"https:\/\/zakrademos.com\/agency-03\/wp-content\/uploads\/sites\/102\/2021\/12\/icon-seo-friendly.png\" alt=\"\" height=\"66\" width=\"64\"\/><\/figure>\n\n\n\n<h2 class=\"blockart-heading blockart-heading-e08baca8\">Hiihdon juhlaa <\/h2>\n<\/div><\/div>\n\n\n\n<div class=\"blockart-column blockart-column-8c1f2a27\"><div class=\"blockart-column-inner\">\n<figure class=\"blockart-image blockart-image-fe57d899\"><img loading=\"lazy\" decoding=\"async\" class=\"wp-image-84 hover-effect-static filter-none mask mask-none\" src=\"https:\/\/zakrademos.com\/agency-03\/wp-content\/uploads\/sites\/102\/2021\/12\/icon-design.png\" alt=\"\" height=\"64\" width=\"67\"\/><\/figure>\n\n\n\n<h2 class=\"blockart-heading blockart-heading-e126d413\">35-90 vuotiaille<\/h2>\n<\/div><\/div>\n\n\n\n<div class=\"blockart-column blockart-column-b9af5683\"><div class=\"blockart-column-inner\">\n<figure class=\"blockart-image blockart-image-1886d445\"><img loading=\"lazy\" decoding=\"async\" class=\"wp-image-399 hover-effect-static filter-none mask mask-none\" src=\"https:\/\/veteraaniensmhiihdot2026.fi\/wp-content\/uploads\/2021\/12\/icon-experience.png\" alt=\"\" height=\"64\" width=\"64\"\/><\/figure>\n\n\n\n<h2 class=\"blockart-heading blockart-heading-caca05f3\">3 kisap\u00e4iv\u00e4\u00e4<\/h2>\n<\/div><\/div>\n<\/div><\/div><\/div>\n\n\n\n<div class=\"blockart-section blockart-section-2636e827\"><div class=\"blockart-container\"><div class=\"blockart-section-inner\">\n<div class=\"blockart-column blockart-column-c8fa061e\"><div class=\"blockart-column-inner\">\n<figure class=\"blockart-image blockart-image-22183819\"><img loading=\"lazy\" decoding=\"async\" class=\"wp-image-1206 hover-effect-static filter-none mask mask-none\" src=\"https:\/\/veteraaniensmhiihdot2026.fi\/wp-content\/uploads\/2025\/11\/VideoCapture_20250202-135343-e1763301774220.jpg\" alt=\"\" height=\"902\" width=\"857\" srcset=\"https:\/\/veteraaniensmhiihdot2026.fi\/wp-content\/uploads\/2025\/11\/VideoCapture_20250202-135343-e1763301774220.jpg 857w, https:\/\/veteraaniensmhiihdot2026.fi\/wp-content\/uploads\/2025\/11\/VideoCapture_20250202-135343-e1763301774220-285x300.jpg 285w, https:\/\/veteraaniensmhiihdot2026.fi\/wp-content\/uploads\/2025\/11\/VideoCapture_20250202-135343-e1763301774220-768x808.jpg 768w\" sizes=\"auto, (max-width: 857px) 100vw, 857px\" \/><\/figure>\n<\/div><\/div>\n\n\n\n<div class=\"blockart-column blockart-column-0d62a340\"><div class=\"blockart-column-inner\">\n<h2 class=\"blockart-heading blockart-heading-f75800de\">Tervetuloa veteraanien SM-hiihtoihin Kempeleeseen! <\/h2>\n\n\n\n<p class=\"blockart-paragraph blockart-paragraph-89caf5ae\">Maaliskuussa 2026 veteraanihiiht\u00e4j\u00e4t kokoontuvat kilpailemaan Suomen mestaruuksista Kempeleeseen, K\u00f6ykkyrin vaativille ja monipuolisille laduille. Kempeleen tunnetut m\u00e4et ja vaihtelevat maastot tarjoavat haastetta ja el\u00e4myksi\u00e4 kaikentasoisille hiiht\u00e4jille \u2013 juuri niin kuin mestaruuskilpailuissa kuuluukin.<br>Kisaviikonlopusta on luvassa urheilun juhlaa, jossa yhdistyv\u00e4t kilpailuhenki, hyv\u00e4 tunnelma ja veteraanihiihdon yhteis\u00f6llisyys. J\u00e4rjest\u00e4ville seuroille vuosi on yht\u00e4 juhlaa, Kempeleen Pyrint\u00f6 t\u00e4ytt\u00e4\u00e4 100 vuotta ja Kempeleen Kiri 110 vuotta. Toivotamme l\u00e4mpim\u00e4sti tervetulleiksi niin kilpailijat, huoltajat, katsojat kuin yhteisty\u00f6kumppanitkin nauttimaan K\u00f6ykkyrin hienoista olosuhteista ja Kempeleen vieraanvaraisesta ilmapiirist\u00e4.<br><strong>Tervetuloa kokemaan talvi parhaimmillaan \u2013 tervetuloa Veteraanien SM-hiihtoihin 2026 Kempeleeseen!<\/strong><\/p>\n\n\n<\/div><\/div>\n<\/div><\/div><\/div>\n\n\n\n<div class=\"blockart-countdown blockart-countdown-dc0b61ec is-style-default\"><div class=\"blockart-countdown-items blockart-countdown-item-days\"><span class=\"blockart-countdown-number blockart-countdown-number-days\">{{DAYS}}<\/span><span class=\"blockart-countdown-label\">P\u00e4iv\u00e4\u00e4<\/span><\/div><div class=\"blockart-countdown-items blockart-countdown-item-hours\"><span class=\"blockart-countdown-number blockart-countdown-number-hours\">{{HOURS}}<\/span><span class=\"blockart-countdown-label\">Tuntia<\/span><\/div><div class=\"blockart-countdown-items blockart-countdown-item-minutes\"><span class=\"blockart-countdown-number blockart-countdown-number-minutes\">{{MINUTES}}<\/span><span class=\"blockart-countdown-label\">Minuuttia<\/span><\/div><div class=\"blockart-countdown-items blockart-countdown-item-second\"><span class=\"blockart-countdown-number blockart-countdown-number-seconds\">{{SECONDS}}<\/span><span class=\"blockart-countdown-label\">Sekuntia<\/span><\/div><\/div>\n\n\n\n<p><\/p>\n\n\n\n<p><\/p>\n\n\n\n<p class=\"has-text-align-center\"><strong>J\u00e4rjest\u00e4v\u00e4t seurat<\/strong><\/p>\n\n\n\n<hr class=\"wp-block-separator has-alpha-channel-opacity\"\/>\n\n\n\n<div class=\"blockart-section blockart-section-6dbd1d8d\"><div class=\"blockart-container\"><div class=\"blockart-section-inner\">\n<div class=\"blockart-column blockart-column-9221c28e\"><div class=\"blockart-column-inner\">\n<figure class=\"wp-block-image aligncenter size-full is-resized\"><img loading=\"lazy\" decoding=\"async\" width=\"768\" height=\"768\" src=\"https:\/\/veteraaniensmhiihdot2026.fi\/wp-content\/uploads\/2025\/11\/orgimg_184556_8dd7a9209c3620a.jpg\" alt=\"\" class=\"wp-image-1214\" style=\"width:156px;height:auto\" srcset=\"https:\/\/veteraaniensmhiihdot2026.fi\/wp-content\/uploads\/2025\/11\/orgimg_184556_8dd7a9209c3620a.jpg 768w, https:\/\/veteraaniensmhiihdot2026.fi\/wp-content\/uploads\/2025\/11\/orgimg_184556_8dd7a9209c3620a-300x300.jpg 300w, https:\/\/veteraaniensmhiihdot2026.fi\/wp-content\/uploads\/2025\/11\/orgimg_184556_8dd7a9209c3620a-150x150.jpg 150w\" sizes=\"auto, (max-width: 768px) 100vw, 768px\" \/><\/figure>\n<\/div><\/div>\n\n\n\n<div class=\"blockart-column blockart-column-832b469c\"><div class=\"blockart-column-inner\">\n<figure class=\"wp-block-image aligncenter size-full is-resized\"><img loading=\"lazy\" decoding=\"async\" width=\"125\" height=\"136\" src=\"https:\/\/veteraaniensmhiihdot2026.fi\/wp-content\/uploads\/2025\/11\/KEKI-LOGO.png\" alt=\"\" class=\"wp-image-1215\" style=\"width:154px;height:auto\"\/><\/figure>\n<\/div><\/div>\n<\/div><\/div><\/div>\n\n\n\n<p><\/p>\n\n\n\n<p><\/p>\n\n\n\n<p class=\"has-text-align-center\"><strong>Lis\u00e4ksi yhteisty\u00f6ss\u00e4 seuraavat yritykset ja yhdistykset<\/strong><\/p>\n\n\n\n<hr class=\"wp-block-separator has-alpha-channel-opacity\"\/>\n\n\n\n<div class=\"wp-block-group is-content-justification-center is-nowrap is-layout-flex wp-container-core-group-is-layout-23441af8 wp-block-group-is-layout-flex\">\n<figure class=\"wp-block-gallery has-nested-images columns-default is-cropped wp-block-gallery-1 is-layout-flex wp-block-gallery-is-layout-flex\">\n<figure class=\"wp-block-image size-full\"><img loading=\"lazy\" decoding=\"async\" width=\"195\" height=\"159\" data-id=\"1326\" src=\"https:\/\/veteraaniensmhiihdot2026.fi\/wp-content\/uploads\/2026\/02\/suksivire.png\" alt=\"\" class=\"wp-image-1326\" style=\"object-fit:cover\"\/><\/figure>\n<\/figure>\n\n\n\n<figure class=\"wp-block-image size-large is-resized\"><img loading=\"lazy\" decoding=\"async\" width=\"1024\" height=\"647\" src=\"https:\/\/veteraaniensmhiihdot2026.fi\/wp-content\/uploads\/2026\/02\/hyva-hiihtaa-kempeleessa-1024x647.png\" alt=\"\" class=\"wp-image-1334\" style=\"aspect-ratio:1.5827150852531564;width:218px;height:auto\" srcset=\"https:\/\/veteraaniensmhiihdot2026.fi\/wp-content\/uploads\/2026\/02\/hyva-hiihtaa-kempeleessa-1024x647.png 1024w, https:\/\/veteraaniensmhiihdot2026.fi\/wp-content\/uploads\/2026\/02\/hyva-hiihtaa-kempeleessa-300x190.png 300w, https:\/\/veteraaniensmhiihdot2026.fi\/wp-content\/uploads\/2026\/02\/hyva-hiihtaa-kempeleessa-768x485.png 768w, https:\/\/veteraaniensmhiihdot2026.fi\/wp-content\/uploads\/2026\/02\/hyva-hiihtaa-kempeleessa-1536x971.png 1536w, https:\/\/veteraaniensmhiihdot2026.fi\/wp-content\/uploads\/2026\/02\/hyva-hiihtaa-kempeleessa.png 1543w\" sizes=\"auto, (max-width: 1024px) 100vw, 1024px\" \/><\/figure>\n\n\n\n<figure class=\"wp-block-image size-full is-resized\"><img loading=\"lazy\" decoding=\"async\" width=\"593\" height=\"167\" src=\"https:\/\/veteraaniensmhiihdot2026.fi\/wp-content\/uploads\/2026\/02\/Kemaki.png\" alt=\"\" class=\"wp-image-1328\" style=\"width:192px;height:auto\" srcset=\"https:\/\/veteraaniensmhiihdot2026.fi\/wp-content\/uploads\/2026\/02\/Kemaki.png 593w, https:\/\/veteraaniensmhiihdot2026.fi\/wp-content\/uploads\/2026\/02\/Kemaki-300x84.png 300w\" sizes=\"auto, (max-width: 593px) 100vw, 593px\" \/><\/figure>\n<\/div>\n\n\n\n<div class=\"wp-block-group is-content-justification-center is-nowrap is-layout-flex wp-container-core-group-is-layout-23441af8 wp-block-group-is-layout-flex\">\n<figure class=\"wp-block-image size-full is-resized\"><img loading=\"lazy\" decoding=\"async\" width=\"886\" height=\"142\" src=\"https:\/\/veteraaniensmhiihdot2026.fi\/wp-content\/uploads\/2026\/02\/vihiluodonkylayhdistys-1.png\" alt=\"\" class=\"wp-image-1351\" style=\"aspect-ratio:6.239897370109044;width:275px;height:auto\" srcset=\"https:\/\/veteraaniensmhiihdot2026.fi\/wp-content\/uploads\/2026\/02\/vihiluodonkylayhdistys-1.png 886w, https:\/\/veteraaniensmhiihdot2026.fi\/wp-content\/uploads\/2026\/02\/vihiluodonkylayhdistys-1-300x48.png 300w, https:\/\/veteraaniensmhiihdot2026.fi\/wp-content\/uploads\/2026\/02\/vihiluodonkylayhdistys-1-768x123.png 768w\" sizes=\"auto, (max-width: 886px) 100vw, 886px\" \/><\/figure>\n\n\n\n<figure class=\"wp-block-image size-full is-resized\"><img loading=\"lazy\" decoding=\"async\" width=\"768\" height=\"206\" src=\"https:\/\/veteraaniensmhiihdot2026.fi\/wp-content\/uploads\/2026\/02\/ksuper-768x206-2.png\" alt=\"\" class=\"wp-image-1352\" style=\"aspect-ratio:3.7283458531350604;width:220px;height:auto\" srcset=\"https:\/\/veteraaniensmhiihdot2026.fi\/wp-content\/uploads\/2026\/02\/ksuper-768x206-2.png 768w, https:\/\/veteraaniensmhiihdot2026.fi\/wp-content\/uploads\/2026\/02\/ksuper-768x206-2-300x80.png 300w\" sizes=\"auto, (max-width: 768px) 100vw, 768px\" \/><\/figure>\n\n\n\n<figure class=\"wp-block-image size-full is-resized\"><img loading=\"lazy\" decoding=\"async\" width=\"1024\" height=\"1024\" src=\"https:\/\/veteraaniensmhiihdot2026.fi\/wp-content\/uploads\/2026\/02\/Lionskempele.png\" alt=\"\" class=\"wp-image-1327\" style=\"width:151px;height:auto\" srcset=\"https:\/\/veteraaniensmhiihdot2026.fi\/wp-content\/uploads\/2026\/02\/Lionskempele.png 1024w, https:\/\/veteraaniensmhiihdot2026.fi\/wp-content\/uploads\/2026\/02\/Lionskempele-300x300.png 300w, https:\/\/veteraaniensmhiihdot2026.fi\/wp-content\/uploads\/2026\/02\/Lionskempele-150x150.png 150w, https:\/\/veteraaniensmhiihdot2026.fi\/wp-content\/uploads\/2026\/02\/Lionskempele-768x768.png 768w\" sizes=\"auto, (max-width: 1024px) 100vw, 1024px\" \/><\/figure>\n<\/div>\n","protected":false},"excerpt":{"rendered":"<p>J\u00e4rjest\u00e4v\u00e4t seurat Lis\u00e4ksi yhteisty\u00f6ss\u00e4 seuraavat yritykset ja yhdistykset<\/p>\n","protected":false},"author":1,"featured_media":0,"parent":0,"menu_order":0,"comment_status":"open","ping_status":"open","template":"page-templates\/pagebuilder.php","meta":{"zakra_page_container_layout":"centered","zakra_page_sidebar_layout":"no_sidebar","zakra_remove_content_margin":true,"zakra_sidebar":"customizer","zakra_transparent_header":"customizer","zakra_logo":0,"zakra_main_header_style":"zak-layout-1-style-1","zakra_menu_item_color":"","zakra_menu_item_hover_color":"#000000","zakra_menu_item_active_color":"#23ab70","zakra_menu_active_style":"style-1","zakra_page_header":false,"footnotes":""},"class_list":["post-1079","page","type-page","status-publish","hentry"],"yoast_head":"<!-- This site is optimized with the Yoast SEO plugin v27.4 - https:\/\/yoast.com\/product\/yoast-seo-wordpress\/ -->\n<title>Etusivu -<\/title>\n<meta name=\"description\" content=\"Veteraanien SM-hiihdot 2026 pidet\u00e4\u00e4n Kempeleess\u00e4 K\u00f6ykkyrin uusituilla laduilla. Tervetuloa mukaan hiiht\u00e4m\u00e4\u00e4n ja seuraamaan kilpailuja!\" \/>\n<meta name=\"robots\" content=\"index, follow, max-snippet:-1, max-image-preview:large, max-video-preview:-1\" \/>\n<link rel=\"canonical\" href=\"https:\/\/veteraaniensmhiihdot2026.fi\/\" \/>\n<meta property=\"og:locale\" content=\"fi_FI\" \/>\n<meta property=\"og:type\" content=\"article\" \/>\n<meta property=\"og:title\" content=\"Etusivu -\" \/>\n<meta property=\"og:description\" content=\"Veteraanien SM-hiihdot 2026 pidet\u00e4\u00e4n Kempeleess\u00e4 K\u00f6ykkyrin uusituilla laduilla. Tervetuloa mukaan hiiht\u00e4m\u00e4\u00e4n ja seuraamaan kilpailuja!\" \/>\n<meta property=\"og:url\" content=\"https:\/\/veteraaniensmhiihdot2026.fi\/\" \/>\n<meta property=\"article:modified_time\" content=\"2026-02-21T08:41:05+00:00\" \/>\n<meta property=\"og:image\" content=\"https:\/\/veteraaniensmhiihdot2026.fi\/wp-content\/uploads\/2021\/12\/icon-experts.png\" \/>\n\t<meta property=\"og:image:width\" content=\"64\" \/>\n\t<meta property=\"og:image:height\" content=\"64\" \/>\n\t<meta property=\"og:image:type\" content=\"image\/png\" \/>\n<meta name=\"twitter:card\" content=\"summary_large_image\" \/>\n<meta name=\"twitter:label1\" content=\"Arvioitu lukuaika\" \/>\n\t<meta name=\"twitter:data1\" content=\"4 minuuttia\" \/>\n<script type=\"application\/ld+json\" class=\"yoast-schema-graph\">{\"@context\":\"https:\\\/\\\/schema.org\",\"@graph\":[{\"@type\":\"WebPage\",\"@id\":\"https:\\\/\\\/veteraaniensmhiihdot2026.fi\\\/\",\"url\":\"https:\\\/\\\/veteraaniensmhiihdot2026.fi\\\/\",\"name\":\"Etusivu -\",\"isPartOf\":{\"@id\":\"https:\\\/\\\/veteraaniensmhiihdot2026.fi\\\/#website\"},\"primaryImageOfPage\":{\"@id\":\"https:\\\/\\\/veteraaniensmhiihdot2026.fi\\\/#primaryimage\"},\"image\":{\"@id\":\"https:\\\/\\\/veteraaniensmhiihdot2026.fi\\\/#primaryimage\"},\"thumbnailUrl\":\"https:\\\/\\\/veteraaniensmhiihdot2026.fi\\\/wp-content\\\/uploads\\\/2021\\\/12\\\/icon-experts.png\",\"datePublished\":\"2015-07-29T13:44:44+00:00\",\"dateModified\":\"2026-02-21T08:41:05+00:00\",\"description\":\"Veteraanien SM-hiihdot 2026 pidet\u00e4\u00e4n Kempeleess\u00e4 K\u00f6ykkyrin uusituilla laduilla. Tervetuloa mukaan hiiht\u00e4m\u00e4\u00e4n ja seuraamaan kilpailuja!\",\"breadcrumb\":{\"@id\":\"https:\\\/\\\/veteraaniensmhiihdot2026.fi\\\/#breadcrumb\"},\"inLanguage\":\"fi\",\"potentialAction\":[{\"@type\":\"ReadAction\",\"target\":[\"https:\\\/\\\/veteraaniensmhiihdot2026.fi\\\/\"]}]},{\"@type\":\"ImageObject\",\"inLanguage\":\"fi\",\"@id\":\"https:\\\/\\\/veteraaniensmhiihdot2026.fi\\\/#primaryimage\",\"url\":\"https:\\\/\\\/veteraaniensmhiihdot2026.fi\\\/wp-content\\\/uploads\\\/2021\\\/12\\\/icon-experts.png\",\"contentUrl\":\"https:\\\/\\\/veteraaniensmhiihdot2026.fi\\\/wp-content\\\/uploads\\\/2021\\\/12\\\/icon-experts.png\"},{\"@type\":\"BreadcrumbList\",\"@id\":\"https:\\\/\\\/veteraaniensmhiihdot2026.fi\\\/#breadcrumb\",\"itemListElement\":[{\"@type\":\"ListItem\",\"position\":1,\"name\":\"Etusivu\",\"item\":\"https:\\\/\\\/veteraaniensmhiihdot2026.fi\\\/\"},{\"@type\":\"ListItem\",\"position\":2,\"name\":\"Etusivu\"}]},{\"@type\":\"WebSite\",\"@id\":\"https:\\\/\\\/veteraaniensmhiihdot2026.fi\\\/#website\",\"url\":\"https:\\\/\\\/veteraaniensmhiihdot2026.fi\\\/\",\"name\":\"\",\"description\":\"\",\"potentialAction\":[{\"@type\":\"SearchAction\",\"target\":{\"@type\":\"EntryPoint\",\"urlTemplate\":\"https:\\\/\\\/veteraaniensmhiihdot2026.fi\\\/?s={search_term_string}\"},\"query-input\":{\"@type\":\"PropertyValueSpecification\",\"valueRequired\":true,\"valueName\":\"search_term_string\"}}],\"inLanguage\":\"fi\"}]}<\/script>\n<!-- \/ Yoast SEO plugin. -->","yoast_head_json":{"title":"Etusivu -","description":"Veteraanien SM-hiihdot 2026 pidet\u00e4\u00e4n Kempeleess\u00e4 K\u00f6ykkyrin uusituilla laduilla. Tervetuloa mukaan hiiht\u00e4m\u00e4\u00e4n ja seuraamaan kilpailuja!","robots":{"index":"index","follow":"follow","max-snippet":"max-snippet:-1","max-image-preview":"max-image-preview:large","max-video-preview":"max-video-preview:-1"},"canonical":"https:\/\/veteraaniensmhiihdot2026.fi\/","og_locale":"fi_FI","og_type":"article","og_title":"Etusivu -","og_description":"Veteraanien SM-hiihdot 2026 pidet\u00e4\u00e4n Kempeleess\u00e4 K\u00f6ykkyrin uusituilla laduilla. Tervetuloa mukaan hiiht\u00e4m\u00e4\u00e4n ja seuraamaan kilpailuja!","og_url":"https:\/\/veteraaniensmhiihdot2026.fi\/","article_modified_time":"2026-02-21T08:41:05+00:00","og_image":[{"width":64,"height":64,"url":"https:\/\/veteraaniensmhiihdot2026.fi\/wp-content\/uploads\/2021\/12\/icon-experts.png","type":"image\/png"}],"twitter_card":"summary_large_image","twitter_misc":{"Arvioitu lukuaika":"4 minuuttia"},"schema":{"@context":"https:\/\/schema.org","@graph":[{"@type":"WebPage","@id":"https:\/\/veteraaniensmhiihdot2026.fi\/","url":"https:\/\/veteraaniensmhiihdot2026.fi\/","name":"Etusivu -","isPartOf":{"@id":"https:\/\/veteraaniensmhiihdot2026.fi\/#website"},"primaryImageOfPage":{"@id":"https:\/\/veteraaniensmhiihdot2026.fi\/#primaryimage"},"image":{"@id":"https:\/\/veteraaniensmhiihdot2026.fi\/#primaryimage"},"thumbnailUrl":"https:\/\/veteraaniensmhiihdot2026.fi\/wp-content\/uploads\/2021\/12\/icon-experts.png","datePublished":"2015-07-29T13:44:44+00:00","dateModified":"2026-02-21T08:41:05+00:00","description":"Veteraanien SM-hiihdot 2026 pidet\u00e4\u00e4n Kempeleess\u00e4 K\u00f6ykkyrin uusituilla laduilla. Tervetuloa mukaan hiiht\u00e4m\u00e4\u00e4n ja seuraamaan kilpailuja!","breadcrumb":{"@id":"https:\/\/veteraaniensmhiihdot2026.fi\/#breadcrumb"},"inLanguage":"fi","potentialAction":[{"@type":"ReadAction","target":["https:\/\/veteraaniensmhiihdot2026.fi\/"]}]},{"@type":"ImageObject","inLanguage":"fi","@id":"https:\/\/veteraaniensmhiihdot2026.fi\/#primaryimage","url":"https:\/\/veteraaniensmhiihdot2026.fi\/wp-content\/uploads\/2021\/12\/icon-experts.png","contentUrl":"https:\/\/veteraaniensmhiihdot2026.fi\/wp-content\/uploads\/2021\/12\/icon-experts.png"},{"@type":"BreadcrumbList","@id":"https:\/\/veteraaniensmhiihdot2026.fi\/#breadcrumb","itemListElement":[{"@type":"ListItem","position":1,"name":"Etusivu","item":"https:\/\/veteraaniensmhiihdot2026.fi\/"},{"@type":"ListItem","position":2,"name":"Etusivu"}]},{"@type":"WebSite","@id":"https:\/\/veteraaniensmhiihdot2026.fi\/#website","url":"https:\/\/veteraaniensmhiihdot2026.fi\/","name":"","description":"","potentialAction":[{"@type":"SearchAction","target":{"@type":"EntryPoint","urlTemplate":"https:\/\/veteraaniensmhiihdot2026.fi\/?s={search_term_string}"},"query-input":{"@type":"PropertyValueSpecification","valueRequired":true,"valueName":"search_term_string"}}],"inLanguage":"fi"}]}},"_links":{"self":[{"href":"https:\/\/veteraaniensmhiihdot2026.fi\/index.php?rest_route=\/wp\/v2\/pages\/1079","targetHints":{"allow":["GET"]}}],"collection":[{"href":"https:\/\/veteraaniensmhiihdot2026.fi\/index.php?rest_route=\/wp\/v2\/pages"}],"about":[{"href":"https:\/\/veteraaniensmhiihdot2026.fi\/index.php?rest_route=\/wp\/v2\/types\/page"}],"author":[{"embeddable":true,"href":"https:\/\/veteraaniensmhiihdot2026.fi\/index.php?rest_route=\/wp\/v2\/users\/1"}],"replies":[{"embeddable":true,"href":"https:\/\/veteraaniensmhiihdot2026.fi\/index.php?rest_route=%2Fwp%2Fv2%2Fcomments&post=1079"}],"version-history":[{"count":40,"href":"https:\/\/veteraaniensmhiihdot2026.fi\/index.php?rest_route=\/wp\/v2\/pages\/1079\/revisions"}],"predecessor-version":[{"id":1361,"href":"https:\/\/veteraaniensmhiihdot2026.fi\/index.php?rest_route=\/wp\/v2\/pages\/1079\/revisions\/1361"}],"wp:attachment":[{"href":"https:\/\/veteraaniensmhiihdot2026.fi\/index.php?rest_route=%2Fwp%2Fv2%2Fmedia&parent=1079"}],"curies":[{"name":"wp","href":"https:\/\/api.w.org\/{rel}","templated":true}]}}