{"id":1145,"date":"2025-11-19T09:36:23","date_gmt":"2025-11-19T09:36:23","guid":{"rendered":"https:\/\/veteraaniensmhiihdot2026.fi\/?page_id=1145"},"modified":"2026-01-27T16:22:13","modified_gmt":"2026-01-27T16:22:13","slug":"latukartat","status":"publish","type":"page","link":"https:\/\/veteraaniensmhiihdot2026.fi\/?page_id=1145","title":{"rendered":"Latukartat"},"content":{"rendered":"\n<p><\/p>\n\n\n\n<h1 class=\"wp-block-heading\"><strong>Latukartat<\/strong><\/h1>\n\n\n\n<p><a href=\"https:\/\/veteraaniensmhiihdot2026.fi\/wp-content\/uploads\/2025\/11\/Kempele-2.5-km-tiedot.jpg\">2,5km latukartta ja rataprofiili<\/a><\/p>\n\n\n\n<p><a href=\"https:\/\/veteraaniensmhiihdot2026.fi\/wp-content\/uploads\/2025\/11\/Kempele-1.25-km-tiedot.jpg\">1,25km latukartta ja rataprofiili<\/a><\/p>\n\n\n\n<p>Kilpailureittien kuvaus:<\/p>\n\n\n\n<p><strong>1,25km reitti<\/strong><\/p>\n\n\n\n<p>Veteraanien SM-kisojen lyhyempi reitti on profiililtaan helppo reitti. L\u00e4hd\u00f6st\u00e4 kierret\u00e4\u00e4n stadionalueen tasaisella tavanomaista pidempi kierros, jonka j\u00e4lkeen suunnataan hetkeksi maastoon. Reitin ainoa nousu on loivapiirteinen noin 200 metrin matkalle sijoittuva nousu, joka alkaa kuntopuiston kulmalta ja k\u00e4\u00e4ntyy vasemmalle pois pidemm\u00e4lt\u00e4 reitilt\u00e4 noin 100 metrin hiihdon j\u00e4lkeen. Nousu jatkuu viel\u00e4 noin 100 metri\u00e4 nousten pulkkam\u00e4en reunaa pitkin tasaiselle, josta k\u00e4\u00e4nnyt\u00e4\u00e4n suorana aukeavaan helppoon laskuun. Laskun j\u00e4lkeen reitti palaa takaisin stadionin tasaiselle, josta k\u00e4\u00e4nnyt\u00e4\u00e4n kierrokselle ja kierret\u00e4\u00e4n sama reitti toiseen kertaan. N\u00e4in lyhyen radan kilpailumatkaksi tulee 2,5km.<\/p>\n\n\n\n<p>Reitti on k\u00e4yt\u00f6ss\u00e4 N65 ja M70 sek\u00e4 sit\u00e4 vanhemmissa sarjoissa ja viesteiss\u00e4 N180, N210 sek\u00e4 M210 -sarjoissa.<\/p>\n\n\n\n<p><strong>2,5km reitti<\/strong><\/p>\n\n\n\n<p>Veteraanien SM-kisojen pidempi reitti on profiililtaan haastava reitti, mutta kuitenkin K\u00f6ykkyrin FIS-homologoitua rataa hieman helpompi. Reitti l\u00e4htee tavanomaista pidemm\u00e4ll\u00e4 tasaisella stadionalueen kierroksella, jonka j\u00e4lkeen suunnataan maastoon. Ensimm\u00e4inen nousu on tiukka, l\u00e4htien kuntopuiston kulmalta kohti K\u00f6ykkyrin uutta maanl\u00e4jitysaluetta. Loppua kohden kiristyv\u00e4 nousu p\u00e4\u00e4ttyy l\u00e4jitysalueen kulmalle, josta k\u00e4\u00e4nnyt\u00e4\u00e4n heti oikealle laskuun, joka k\u00e4\u00e4nt\u00e4\u00e4 hiiht\u00e4j\u00e4t vauhdikkaasti takaisin \u00e4skeiseen tulosuuntaan. Lasku p\u00e4\u00e4ttyy vasemmalle k\u00e4\u00e4ntyv\u00e4\u00e4n loivaan mutkaan, josta alkaa reitin pisin yht\u00e4jaksoinen ty\u00f6p\u00e4tk\u00e4. Kahteen erilliseen nousuun jakautuva ty\u00f6p\u00e4tk\u00e4 vie hiiht\u00e4j\u00e4t aina uuden l\u00e4jitysalueen korkeimmalle kohdalle, josta oikealle k\u00e4\u00e4ntyv\u00e4n mutkan kautta suunnataan lyhyehk\u00f6\u00f6n laskuun. Lasku p\u00e4\u00e4ttyy vasemmalle k\u00e4\u00e4ntyv\u00e4\u00e4n kurviin, jonka j\u00e4lkeen edess\u00e4 on matalahko t\u00f6mpyr\u00e4 ja sen j\u00e4lkeen reitin viimeinen koettelemus, kun hiiht\u00e4j\u00e4t nousevat hiihtosillan p\u00e4\u00e4lle. Sillan p\u00e4\u00e4lt\u00e4 l\u00e4hdet\u00e4\u00e4n reitin vauhdikkaimpaan laskuun, joka saattelee lopulta hiiht\u00e4j\u00e4t takasin stadionalueelle. Hevosenkeng\u00e4n j\u00e4lkeen ollaankin jo valmiina seuraavalle kierrokselle. Reitille kertyy mittaa 2,5km. T\u00e4m\u00e4 reitti on k\u00e4yt\u00f6ss\u00e4 N60 ja M65 sek\u00e4 sit\u00e4 nuoremmissa sarjoissa ja viesteiss\u00e4 N120, N150, M120, M150 sek\u00e4 M180 -sarjoissa.<\/p>\n","protected":false},"excerpt":{"rendered":"<p>Latukartat 2,5km latukartta ja rataprofiili 1,25km latukartta ja rataprofiili Kilpailureittien kuvaus: 1,25km reitti Veteraanien SM-kisojen lyhyempi reitti on profiililtaan helppo reitti. L\u00e4hd\u00f6st\u00e4 kierret\u00e4\u00e4n stadionalueen tasaisella tavanomaista pidempi kierros, jonka j\u00e4lkeen suunnataan hetkeksi maastoon. Reitin ainoa nousu on loivapiirteinen noin 200 metrin matkalle sijoittuva nousu, joka alkaa kuntopuiston kulmalta ja k\u00e4\u00e4ntyy vasemmalle pois pidemm\u00e4lt\u00e4 reitilt\u00e4 noin [&hellip;]<\/p>\n","protected":false},"author":1,"featured_media":0,"parent":0,"menu_order":0,"comment_status":"closed","ping_status":"closed","template":"","meta":{"zakra_page_container_layout":"centered","zakra_page_sidebar_layout":"no_sidebar","zakra_remove_content_margin":false,"zakra_sidebar":"customizer","zakra_transparent_header":"customizer","zakra_logo":0,"zakra_main_header_style":"zak-layout-1-style-1","zakra_menu_item_color":"","zakra_menu_item_hover_color":"","zakra_menu_item_active_color":"","zakra_menu_active_style":"","zakra_page_header":false,"footnotes":""},"class_list":["post-1145","page","type-page","status-publish","hentry"],"yoast_head":"<!-- This site is optimized with the Yoast SEO plugin v27.4 - https:\/\/yoast.com\/product\/yoast-seo-wordpress\/ -->\n<title>Latukartat -<\/title>\n<meta name=\"description\" content=\"Latuprofiilit ja kartat veteraanien SM hiihtoihin. Lis\u00e4ksi t\u00e4\u00e4lt\u00e4 l\u00f6yd\u00e4t ratakuvaukset millaiset reitit ovat k\u00e4yt\u00f6ss\u00e4 miss\u00e4kin sarjassa.\" \/>\n<meta name=\"robots\" content=\"index, follow, max-snippet:-1, max-image-preview:large, max-video-preview:-1\" \/>\n<link rel=\"canonical\" href=\"https:\/\/veteraaniensmhiihdot2026.fi\/?page_id=1145\" \/>\n<meta property=\"og:locale\" content=\"fi_FI\" \/>\n<meta property=\"og:type\" content=\"article\" \/>\n<meta property=\"og:title\" content=\"Latukartat -\" \/>\n<meta property=\"og:description\" content=\"Latuprofiilit ja kartat veteraanien SM hiihtoihin. Lis\u00e4ksi t\u00e4\u00e4lt\u00e4 l\u00f6yd\u00e4t ratakuvaukset millaiset reitit ovat k\u00e4yt\u00f6ss\u00e4 miss\u00e4kin sarjassa.\" \/>\n<meta property=\"og:url\" content=\"https:\/\/veteraaniensmhiihdot2026.fi\/?page_id=1145\" \/>\n<meta property=\"article:modified_time\" content=\"2026-01-27T16:22:13+00:00\" \/>\n<meta name=\"twitter:card\" content=\"summary_large_image\" \/>\n<meta name=\"twitter:label1\" content=\"Arvioitu lukuaika\" \/>\n\t<meta name=\"twitter:data1\" content=\"2 minuuttia\" \/>\n<script type=\"application\/ld+json\" class=\"yoast-schema-graph\">{\"@context\":\"https:\\\/\\\/schema.org\",\"@graph\":[{\"@type\":\"WebPage\",\"@id\":\"https:\\\/\\\/veteraaniensmhiihdot2026.fi\\\/?page_id=1145\",\"url\":\"https:\\\/\\\/veteraaniensmhiihdot2026.fi\\\/?page_id=1145\",\"name\":\"Latukartat -\",\"isPartOf\":{\"@id\":\"https:\\\/\\\/veteraaniensmhiihdot2026.fi\\\/#website\"},\"datePublished\":\"2025-11-19T09:36:23+00:00\",\"dateModified\":\"2026-01-27T16:22:13+00:00\",\"description\":\"Latuprofiilit ja kartat veteraanien SM hiihtoihin. Lis\u00e4ksi t\u00e4\u00e4lt\u00e4 l\u00f6yd\u00e4t ratakuvaukset millaiset reitit ovat k\u00e4yt\u00f6ss\u00e4 miss\u00e4kin sarjassa.\",\"breadcrumb\":{\"@id\":\"https:\\\/\\\/veteraaniensmhiihdot2026.fi\\\/?page_id=1145#breadcrumb\"},\"inLanguage\":\"fi\",\"potentialAction\":[{\"@type\":\"ReadAction\",\"target\":[\"https:\\\/\\\/veteraaniensmhiihdot2026.fi\\\/?page_id=1145\"]}]},{\"@type\":\"BreadcrumbList\",\"@id\":\"https:\\\/\\\/veteraaniensmhiihdot2026.fi\\\/?page_id=1145#breadcrumb\",\"itemListElement\":[{\"@type\":\"ListItem\",\"position\":1,\"name\":\"Etusivu\",\"item\":\"https:\\\/\\\/veteraaniensmhiihdot2026.fi\\\/\"},{\"@type\":\"ListItem\",\"position\":2,\"name\":\"Latukartat\"}]},{\"@type\":\"WebSite\",\"@id\":\"https:\\\/\\\/veteraaniensmhiihdot2026.fi\\\/#website\",\"url\":\"https:\\\/\\\/veteraaniensmhiihdot2026.fi\\\/\",\"name\":\"\",\"description\":\"\",\"potentialAction\":[{\"@type\":\"SearchAction\",\"target\":{\"@type\":\"EntryPoint\",\"urlTemplate\":\"https:\\\/\\\/veteraaniensmhiihdot2026.fi\\\/?s={search_term_string}\"},\"query-input\":{\"@type\":\"PropertyValueSpecification\",\"valueRequired\":true,\"valueName\":\"search_term_string\"}}],\"inLanguage\":\"fi\"}]}<\/script>\n<!-- \/ Yoast SEO plugin. -->","yoast_head_json":{"title":"Latukartat -","description":"Latuprofiilit ja kartat veteraanien SM hiihtoihin. Lis\u00e4ksi t\u00e4\u00e4lt\u00e4 l\u00f6yd\u00e4t ratakuvaukset millaiset reitit ovat k\u00e4yt\u00f6ss\u00e4 miss\u00e4kin sarjassa.","robots":{"index":"index","follow":"follow","max-snippet":"max-snippet:-1","max-image-preview":"max-image-preview:large","max-video-preview":"max-video-preview:-1"},"canonical":"https:\/\/veteraaniensmhiihdot2026.fi\/?page_id=1145","og_locale":"fi_FI","og_type":"article","og_title":"Latukartat -","og_description":"Latuprofiilit ja kartat veteraanien SM hiihtoihin. Lis\u00e4ksi t\u00e4\u00e4lt\u00e4 l\u00f6yd\u00e4t ratakuvaukset millaiset reitit ovat k\u00e4yt\u00f6ss\u00e4 miss\u00e4kin sarjassa.","og_url":"https:\/\/veteraaniensmhiihdot2026.fi\/?page_id=1145","article_modified_time":"2026-01-27T16:22:13+00:00","twitter_card":"summary_large_image","twitter_misc":{"Arvioitu lukuaika":"2 minuuttia"},"schema":{"@context":"https:\/\/schema.org","@graph":[{"@type":"WebPage","@id":"https:\/\/veteraaniensmhiihdot2026.fi\/?page_id=1145","url":"https:\/\/veteraaniensmhiihdot2026.fi\/?page_id=1145","name":"Latukartat -","isPartOf":{"@id":"https:\/\/veteraaniensmhiihdot2026.fi\/#website"},"datePublished":"2025-11-19T09:36:23+00:00","dateModified":"2026-01-27T16:22:13+00:00","description":"Latuprofiilit ja kartat veteraanien SM hiihtoihin. Lis\u00e4ksi t\u00e4\u00e4lt\u00e4 l\u00f6yd\u00e4t ratakuvaukset millaiset reitit ovat k\u00e4yt\u00f6ss\u00e4 miss\u00e4kin sarjassa.","breadcrumb":{"@id":"https:\/\/veteraaniensmhiihdot2026.fi\/?page_id=1145#breadcrumb"},"inLanguage":"fi","potentialAction":[{"@type":"ReadAction","target":["https:\/\/veteraaniensmhiihdot2026.fi\/?page_id=1145"]}]},{"@type":"BreadcrumbList","@id":"https:\/\/veteraaniensmhiihdot2026.fi\/?page_id=1145#breadcrumb","itemListElement":[{"@type":"ListItem","position":1,"name":"Etusivu","item":"https:\/\/veteraaniensmhiihdot2026.fi\/"},{"@type":"ListItem","position":2,"name":"Latukartat"}]},{"@type":"WebSite","@id":"https:\/\/veteraaniensmhiihdot2026.fi\/#website","url":"https:\/\/veteraaniensmhiihdot2026.fi\/","name":"","description":"","potentialAction":[{"@type":"SearchAction","target":{"@type":"EntryPoint","urlTemplate":"https:\/\/veteraaniensmhiihdot2026.fi\/?s={search_term_string}"},"query-input":{"@type":"PropertyValueSpecification","valueRequired":true,"valueName":"search_term_string"}}],"inLanguage":"fi"}]}},"_links":{"self":[{"href":"https:\/\/veteraaniensmhiihdot2026.fi\/index.php?rest_route=\/wp\/v2\/pages\/1145","targetHints":{"allow":["GET"]}}],"collection":[{"href":"https:\/\/veteraaniensmhiihdot2026.fi\/index.php?rest_route=\/wp\/v2\/pages"}],"about":[{"href":"https:\/\/veteraaniensmhiihdot2026.fi\/index.php?rest_route=\/wp\/v2\/types\/page"}],"author":[{"embeddable":true,"href":"https:\/\/veteraaniensmhiihdot2026.fi\/index.php?rest_route=\/wp\/v2\/users\/1"}],"replies":[{"embeddable":true,"href":"https:\/\/veteraaniensmhiihdot2026.fi\/index.php?rest_route=%2Fwp%2Fv2%2Fcomments&post=1145"}],"version-history":[{"count":7,"href":"https:\/\/veteraaniensmhiihdot2026.fi\/index.php?rest_route=\/wp\/v2\/pages\/1145\/revisions"}],"predecessor-version":[{"id":1285,"href":"https:\/\/veteraaniensmhiihdot2026.fi\/index.php?rest_route=\/wp\/v2\/pages\/1145\/revisions\/1285"}],"wp:attachment":[{"href":"https:\/\/veteraaniensmhiihdot2026.fi\/index.php?rest_route=%2Fwp%2Fv2%2Fmedia&parent=1145"}],"curies":[{"name":"wp","href":"https:\/\/api.w.org\/{rel}","templated":true}]}}