{"id":1149,"date":"2025-11-10T15:35:08","date_gmt":"2025-11-10T15:35:08","guid":{"rendered":"https:\/\/veteraaniensmhiihdot2026.fi\/?page_id=1149"},"modified":"2026-02-27T12:36:24","modified_gmt":"2026-02-27T12:36:24","slug":"fluoritestaus","status":"publish","type":"page","link":"https:\/\/veteraaniensmhiihdot2026.fi\/?page_id=1149","title":{"rendered":"Fluoritestaus"},"content":{"rendered":"\n<h2 class=\"wp-block-heading\">Fluoritestaus<\/h2>\n\n\n\n<p>Fluorivoiteiden k\u00e4ytt\u00f6 on kisoissa kielletty\u00e4.<\/p>\n\n\n\n<p>Mik\u00e4li kilpailuiden yhteydess\u00e4 suoritetaan fluoritestausta on urheilija velvollinen luovuttamaan suksensa v\u00e4linekontrollissa toimivalle henkil\u00f6lle niin pyydett\u00e4ess\u00e4. Jos urheilija kielt\u00e4ytyy suksien luovuttamisesta testaukseen seuraa t\u00e4st\u00e4 suorituksen hylk\u00e4\u00e4minen. Mahdollisesta positiivisesta fluoritestin tuloksesta seuraa suorituksen hylk\u00e4\u00e4minen (DSQ) ja testituloksesta informoidaan my\u00f6s erikseen urheilijalle.<br>Mahdollinen suksien fluoritestaus suoritetaan v\u00e4litt\u00f6m\u00e4sti kilpailusuorituksen j\u00e4lkeen<br>Urheilijalta pyydet\u00e4\u00e4n sukset testiin maalialueella josta ne siirtyv\u00e4t testiin<br>Sukset merkataan v\u00e4linekontrollin toimesta kilpailunumeroiden mukaisesti<br>Testauksen j\u00e4lkeen testin l\u00e4p\u00e4isseet sukset ovat noudettavissa erillisest\u00e4 telineest\u00e4 stadionalueelta<br>Jos et l\u00f6yd\u00e4 suksiasi telineest\u00e4 viimeist\u00e4\u00e4n n. 15 minuuttia suorituksen p\u00e4\u00e4tytty\u00e4, ota viipym\u00e4tt\u00e4 yhteys v\u00e4linekontrollista vastaavaan henkil\u00f6\u00f6n<\/p>\n","protected":false},"excerpt":{"rendered":"<p>Fluoritestaus Fluorivoiteiden k\u00e4ytt\u00f6 on kisoissa kielletty\u00e4. Mik\u00e4li kilpailuiden yhteydess\u00e4 suoritetaan fluoritestausta on urheilija velvollinen luovuttamaan suksensa v\u00e4linekontrollissa toimivalle henkil\u00f6lle niin pyydett\u00e4ess\u00e4. Jos urheilija kielt\u00e4ytyy suksien luovuttamisesta testaukseen seuraa t\u00e4st\u00e4 suorituksen hylk\u00e4\u00e4minen. Mahdollisesta positiivisesta fluoritestin tuloksesta seuraa suorituksen hylk\u00e4\u00e4minen (DSQ) ja testituloksesta informoidaan my\u00f6s erikseen urheilijalle.Mahdollinen suksien fluoritestaus suoritetaan v\u00e4litt\u00f6m\u00e4sti kilpailusuorituksen j\u00e4lkeenUrheilijalta pyydet\u00e4\u00e4n sukset testiin maalialueella [&hellip;]<\/p>\n","protected":false},"author":1,"featured_media":0,"parent":2,"menu_order":0,"comment_status":"closed","ping_status":"closed","template":"","meta":{"zakra_page_container_layout":"customizer","zakra_page_sidebar_layout":"customizer","zakra_remove_content_margin":false,"zakra_sidebar":"customizer","zakra_transparent_header":"customizer","zakra_logo":0,"zakra_main_header_style":"default","zakra_menu_item_color":"","zakra_menu_item_hover_color":"","zakra_menu_item_active_color":"","zakra_menu_active_style":"","zakra_page_header":false,"footnotes":""},"class_list":["post-1149","page","type-page","status-publish","hentry"],"yoast_head":"<!-- This site is optimized with the Yoast SEO plugin v27.4 - https:\/\/yoast.com\/product\/yoast-seo-wordpress\/ -->\n<title>Fluoritestaus -<\/title>\n<meta name=\"robots\" content=\"index, follow, max-snippet:-1, max-image-preview:large, max-video-preview:-1\" \/>\n<link rel=\"canonical\" href=\"https:\/\/veteraaniensmhiihdot2026.fi\/?page_id=1149\" \/>\n<meta property=\"og:locale\" content=\"fi_FI\" \/>\n<meta property=\"og:type\" content=\"article\" \/>\n<meta property=\"og:title\" content=\"Fluoritestaus -\" \/>\n<meta property=\"og:description\" content=\"Fluoritestaus Fluorivoiteiden k\u00e4ytt\u00f6 on kisoissa kielletty\u00e4. Mik\u00e4li kilpailuiden yhteydess\u00e4 suoritetaan fluoritestausta on urheilija velvollinen luovuttamaan suksensa v\u00e4linekontrollissa toimivalle henkil\u00f6lle niin pyydett\u00e4ess\u00e4. Jos urheilija kielt\u00e4ytyy suksien luovuttamisesta testaukseen seuraa t\u00e4st\u00e4 suorituksen hylk\u00e4\u00e4minen. Mahdollisesta positiivisesta fluoritestin tuloksesta seuraa suorituksen hylk\u00e4\u00e4minen (DSQ) ja testituloksesta informoidaan my\u00f6s erikseen urheilijalle.Mahdollinen suksien fluoritestaus suoritetaan v\u00e4litt\u00f6m\u00e4sti kilpailusuorituksen j\u00e4lkeenUrheilijalta pyydet\u00e4\u00e4n sukset testiin maalialueella [&hellip;]\" \/>\n<meta property=\"og:url\" content=\"https:\/\/veteraaniensmhiihdot2026.fi\/?page_id=1149\" \/>\n<meta property=\"article:modified_time\" content=\"2026-02-27T12:36:24+00:00\" \/>\n<meta name=\"twitter:card\" content=\"summary_large_image\" \/>\n<meta name=\"twitter:label1\" content=\"Arvioitu lukuaika\" \/>\n\t<meta name=\"twitter:data1\" content=\"1 minuutti\" \/>\n<script type=\"application\/ld+json\" class=\"yoast-schema-graph\">{\"@context\":\"https:\\\/\\\/schema.org\",\"@graph\":[{\"@type\":\"WebPage\",\"@id\":\"https:\\\/\\\/veteraaniensmhiihdot2026.fi\\\/?page_id=1149\",\"url\":\"https:\\\/\\\/veteraaniensmhiihdot2026.fi\\\/?page_id=1149\",\"name\":\"Fluoritestaus -\",\"isPartOf\":{\"@id\":\"https:\\\/\\\/veteraaniensmhiihdot2026.fi\\\/#website\"},\"datePublished\":\"2025-11-10T15:35:08+00:00\",\"dateModified\":\"2026-02-27T12:36:24+00:00\",\"breadcrumb\":{\"@id\":\"https:\\\/\\\/veteraaniensmhiihdot2026.fi\\\/?page_id=1149#breadcrumb\"},\"inLanguage\":\"fi\",\"potentialAction\":[{\"@type\":\"ReadAction\",\"target\":[\"https:\\\/\\\/veteraaniensmhiihdot2026.fi\\\/?page_id=1149\"]}]},{\"@type\":\"BreadcrumbList\",\"@id\":\"https:\\\/\\\/veteraaniensmhiihdot2026.fi\\\/?page_id=1149#breadcrumb\",\"itemListElement\":[{\"@type\":\"ListItem\",\"position\":1,\"name\":\"Etusivu\",\"item\":\"https:\\\/\\\/veteraaniensmhiihdot2026.fi\\\/\"},{\"@type\":\"ListItem\",\"position\":2,\"name\":\"Tapahtumainfo\",\"item\":\"https:\\\/\\\/veteraaniensmhiihdot2026.fi\\\/?page_id=2\"},{\"@type\":\"ListItem\",\"position\":3,\"name\":\"Fluoritestaus\"}]},{\"@type\":\"WebSite\",\"@id\":\"https:\\\/\\\/veteraaniensmhiihdot2026.fi\\\/#website\",\"url\":\"https:\\\/\\\/veteraaniensmhiihdot2026.fi\\\/\",\"name\":\"\",\"description\":\"\",\"potentialAction\":[{\"@type\":\"SearchAction\",\"target\":{\"@type\":\"EntryPoint\",\"urlTemplate\":\"https:\\\/\\\/veteraaniensmhiihdot2026.fi\\\/?s={search_term_string}\"},\"query-input\":{\"@type\":\"PropertyValueSpecification\",\"valueRequired\":true,\"valueName\":\"search_term_string\"}}],\"inLanguage\":\"fi\"}]}<\/script>\n<!-- \/ Yoast SEO plugin. -->","yoast_head_json":{"title":"Fluoritestaus -","robots":{"index":"index","follow":"follow","max-snippet":"max-snippet:-1","max-image-preview":"max-image-preview:large","max-video-preview":"max-video-preview:-1"},"canonical":"https:\/\/veteraaniensmhiihdot2026.fi\/?page_id=1149","og_locale":"fi_FI","og_type":"article","og_title":"Fluoritestaus -","og_description":"Fluoritestaus Fluorivoiteiden k\u00e4ytt\u00f6 on kisoissa kielletty\u00e4. Mik\u00e4li kilpailuiden yhteydess\u00e4 suoritetaan fluoritestausta on urheilija velvollinen luovuttamaan suksensa v\u00e4linekontrollissa toimivalle henkil\u00f6lle niin pyydett\u00e4ess\u00e4. Jos urheilija kielt\u00e4ytyy suksien luovuttamisesta testaukseen seuraa t\u00e4st\u00e4 suorituksen hylk\u00e4\u00e4minen. Mahdollisesta positiivisesta fluoritestin tuloksesta seuraa suorituksen hylk\u00e4\u00e4minen (DSQ) ja testituloksesta informoidaan my\u00f6s erikseen urheilijalle.Mahdollinen suksien fluoritestaus suoritetaan v\u00e4litt\u00f6m\u00e4sti kilpailusuorituksen j\u00e4lkeenUrheilijalta pyydet\u00e4\u00e4n sukset testiin maalialueella [&hellip;]","og_url":"https:\/\/veteraaniensmhiihdot2026.fi\/?page_id=1149","article_modified_time":"2026-02-27T12:36:24+00:00","twitter_card":"summary_large_image","twitter_misc":{"Arvioitu lukuaika":"1 minuutti"},"schema":{"@context":"https:\/\/schema.org","@graph":[{"@type":"WebPage","@id":"https:\/\/veteraaniensmhiihdot2026.fi\/?page_id=1149","url":"https:\/\/veteraaniensmhiihdot2026.fi\/?page_id=1149","name":"Fluoritestaus -","isPartOf":{"@id":"https:\/\/veteraaniensmhiihdot2026.fi\/#website"},"datePublished":"2025-11-10T15:35:08+00:00","dateModified":"2026-02-27T12:36:24+00:00","breadcrumb":{"@id":"https:\/\/veteraaniensmhiihdot2026.fi\/?page_id=1149#breadcrumb"},"inLanguage":"fi","potentialAction":[{"@type":"ReadAction","target":["https:\/\/veteraaniensmhiihdot2026.fi\/?page_id=1149"]}]},{"@type":"BreadcrumbList","@id":"https:\/\/veteraaniensmhiihdot2026.fi\/?page_id=1149#breadcrumb","itemListElement":[{"@type":"ListItem","position":1,"name":"Etusivu","item":"https:\/\/veteraaniensmhiihdot2026.fi\/"},{"@type":"ListItem","position":2,"name":"Tapahtumainfo","item":"https:\/\/veteraaniensmhiihdot2026.fi\/?page_id=2"},{"@type":"ListItem","position":3,"name":"Fluoritestaus"}]},{"@type":"WebSite","@id":"https:\/\/veteraaniensmhiihdot2026.fi\/#website","url":"https:\/\/veteraaniensmhiihdot2026.fi\/","name":"","description":"","potentialAction":[{"@type":"SearchAction","target":{"@type":"EntryPoint","urlTemplate":"https:\/\/veteraaniensmhiihdot2026.fi\/?s={search_term_string}"},"query-input":{"@type":"PropertyValueSpecification","valueRequired":true,"valueName":"search_term_string"}}],"inLanguage":"fi"}]}},"_links":{"self":[{"href":"https:\/\/veteraaniensmhiihdot2026.fi\/index.php?rest_route=\/wp\/v2\/pages\/1149","targetHints":{"allow":["GET"]}}],"collection":[{"href":"https:\/\/veteraaniensmhiihdot2026.fi\/index.php?rest_route=\/wp\/v2\/pages"}],"about":[{"href":"https:\/\/veteraaniensmhiihdot2026.fi\/index.php?rest_route=\/wp\/v2\/types\/page"}],"author":[{"embeddable":true,"href":"https:\/\/veteraaniensmhiihdot2026.fi\/index.php?rest_route=\/wp\/v2\/users\/1"}],"replies":[{"embeddable":true,"href":"https:\/\/veteraaniensmhiihdot2026.fi\/index.php?rest_route=%2Fwp%2Fv2%2Fcomments&post=1149"}],"version-history":[{"count":6,"href":"https:\/\/veteraaniensmhiihdot2026.fi\/index.php?rest_route=\/wp\/v2\/pages\/1149\/revisions"}],"predecessor-version":[{"id":1364,"href":"https:\/\/veteraaniensmhiihdot2026.fi\/index.php?rest_route=\/wp\/v2\/pages\/1149\/revisions\/1364"}],"up":[{"embeddable":true,"href":"https:\/\/veteraaniensmhiihdot2026.fi\/index.php?rest_route=\/wp\/v2\/pages\/2"}],"wp:attachment":[{"href":"https:\/\/veteraaniensmhiihdot2026.fi\/index.php?rest_route=%2Fwp%2Fv2%2Fmedia&parent=1149"}],"curies":[{"name":"wp","href":"https:\/\/api.w.org\/{rel}","templated":true}]}}