{"id":1152,"date":"2025-11-10T15:34:57","date_gmt":"2025-11-10T15:34:57","guid":{"rendered":"https:\/\/veteraaniensmhiihdot2026.fi\/?page_id=1152"},"modified":"2026-01-24T07:27:39","modified_gmt":"2026-01-24T07:27:39","slug":"majoitus","status":"publish","type":"page","link":"https:\/\/veteraaniensmhiihdot2026.fi\/?page_id=1152","title":{"rendered":"Majoitus"},"content":{"rendered":"\n<div class=\"aligncenter blockart-section blockart-section-4572612d aligncenter\"><div class=\"blockart-container\"><div class=\"blockart-section-inner\">\n<div class=\"blockart-column blockart-column-9d9263dd\"><div class=\"blockart-column-inner align-top\">\n<h2 class=\"wp-block-heading\">Majoitus<\/h2>\n\n\n\n<p><\/p>\n\n\n\n<p>Majoitusta Kempeleess\u00e4 ja l\u00e4hialueella tarjoavat seuraavat paikat, muutamissa kohteissa on sovittu alennus SM-hiihtoihin tuleville.<\/p>\n\n\n\n<p><strong><a href=\"https:\/\/www.airporthotel.fi\">Airport Hotel Vihiluoto<\/a><\/strong><\/p>\n\n\n\n<p>Airport Hotel Vihiluoto sijaitsee n. 5km p\u00e4\u00e4ss\u00e4 K\u00f6ykkyrin hiihtokeskuksesta. Hotellivieraille on suksen voitelutila k\u00e4yt\u00f6ss\u00e4. Saat koodilla seuraavat hinnat k\u00e4ytt\u00f6\u00f6si.  <\/p>\n\n\n\n<p>Koodi: SM-2026 <\/p>\n\n\n\n<p>1hh 87\u20ac\/vrk<\/p>\n\n\n\n<p>2hh 97\u20ac\/vrk<\/p>\n\n\n\n<p>3hh 119\u20ac\/vrk <\/p>\n\n\n\n<p><\/p>\n\n\n\n<p><strong><a href=\"https:\/\/www.parkhotelliminka.fi\">Park Hotel Liminka<\/a><\/strong><\/p>\n\n\n\n<p>Park Hotel Liminka sijaitsee Limingan syd\u00e4mess\u00e4, keskell\u00e4 kirkonkyl\u00e4\u00e4, kauniin keskuspuiston reunalla. Ymp\u00e4rill\u00e4 on k\u00e4velymatkan p\u00e4\u00e4ss\u00e4 kaikki keskustan palvelut, liikunta- ja kulttuurikohteet sek\u00e4 historiallinen Vanha Liminka. Olemme moderni skandinaavinen hotelli, ilman vastaanottoa. Hotellissamme p\u00e4\u00e4see liikkumaan ovikoodilla, eik\u00e4 perinteist\u00e4 sis\u00e4\u00e4n- ja uloskirjautumista tarvita. Samasta rakennuksesta l\u00f6ytyy kuntosali sek\u00e4 kahvila-ravintola, jossa majoittujille tarjoillaan maittava buffetaamiainen. Kaikissa huoneissa on kylpyhuone\/ wc, televisio, mikro, j\u00e4\u00e4kaappi, vedenkeitin ja tarpeita l\u00e4mpim\u00e4n juoman valmistamiseen.<\/p>\n\n\n\n<p>Alennuskoodilla KEMPELEHIIHTO&nbsp;saat 10% alennuksen majoitushinnasta, kun varaat osoitteesta&nbsp;<a href=\"http:\/\/www.parkhotelliminka.fi\/\" target=\"_blank\" rel=\"noreferrer noopener\">www.parkhotelliminka.fi<\/a><\/p>\n\n\n\n<p><\/p>\n\n\n\n<p><strong>Muita l\u00e4hialueiden majoitusliikkeit\u00e4<\/strong><\/p>\n\n\n\n<p><\/p>\n\n\n\n<p><strong><a href=\"https:\/\/www.hotellipohjankievari.fi\" data-type=\"link\" data-id=\"https:\/\/www.hotellipohjankievari.fi\">Hotelli Pohjankievari<\/a><\/strong><\/p>\n\n\n\n<p><a href=\"https:\/\/www.pitojenhelmi.fi\"><strong>Pitojen helmi<\/strong><\/a><\/p>\n<\/div><\/div>\n\n\n\n<div class=\"blockart-buttons blockart-buttons-49d722d1 is-wrap\">\n<div class=\"blockart-button blockart-button-2e7ac1e4 \"><a class=\"blockart-button-link is-large is-style-filled\"><\/a><\/div>\n<\/div>\n<\/div><\/div><\/div>\n","protected":false},"excerpt":{"rendered":"","protected":false},"author":1,"featured_media":0,"parent":0,"menu_order":0,"comment_status":"closed","ping_status":"closed","template":"page-templates\/pagebuilder.php","meta":{"zakra_page_container_layout":"customizer","zakra_page_sidebar_layout":"customizer","zakra_remove_content_margin":true,"zakra_sidebar":"customizer","zakra_transparent_header":"customizer","zakra_logo":0,"zakra_main_header_style":"zak-layout-1-style-1","zakra_menu_item_color":"","zakra_menu_item_hover_color":"","zakra_menu_item_active_color":"","zakra_menu_active_style":"","zakra_page_header":false,"footnotes":""},"class_list":["post-1152","page","type-page","status-publish","hentry"],"yoast_head":"<!-- This site is optimized with the Yoast SEO plugin v27.4 - https:\/\/yoast.com\/product\/yoast-seo-wordpress\/ -->\n<title>Majoitus -<\/title>\n<meta name=\"description\" content=\"Majoitus Kempeleess\u00e4 veteraanien SM 2026. Tsekkaa hinnat ja varaa edullinen majoitus!\" \/>\n<meta name=\"robots\" content=\"index, follow, max-snippet:-1, max-image-preview:large, max-video-preview:-1\" \/>\n<link rel=\"canonical\" href=\"https:\/\/veteraaniensmhiihdot2026.fi\/?page_id=1152\" \/>\n<meta property=\"og:locale\" content=\"fi_FI\" \/>\n<meta property=\"og:type\" content=\"article\" \/>\n<meta property=\"og:title\" content=\"Majoitus -\" \/>\n<meta property=\"og:description\" content=\"Majoitus Kempeleess\u00e4 veteraanien SM 2026. Tsekkaa hinnat ja varaa edullinen majoitus!\" \/>\n<meta property=\"og:url\" content=\"https:\/\/veteraaniensmhiihdot2026.fi\/?page_id=1152\" \/>\n<meta property=\"article:modified_time\" content=\"2026-01-24T07:27:39+00:00\" \/>\n<meta name=\"twitter:card\" content=\"summary_large_image\" \/>\n<meta name=\"twitter:label1\" content=\"Arvioitu lukuaika\" \/>\n\t<meta name=\"twitter:data1\" content=\"1 minuutti\" \/>\n<script type=\"application\/ld+json\" class=\"yoast-schema-graph\">{\"@context\":\"https:\\\/\\\/schema.org\",\"@graph\":[{\"@type\":\"WebPage\",\"@id\":\"https:\\\/\\\/veteraaniensmhiihdot2026.fi\\\/?page_id=1152\",\"url\":\"https:\\\/\\\/veteraaniensmhiihdot2026.fi\\\/?page_id=1152\",\"name\":\"Majoitus -\",\"isPartOf\":{\"@id\":\"https:\\\/\\\/veteraaniensmhiihdot2026.fi\\\/#website\"},\"datePublished\":\"2025-11-10T15:34:57+00:00\",\"dateModified\":\"2026-01-24T07:27:39+00:00\",\"description\":\"Majoitus Kempeleess\u00e4 veteraanien SM 2026. Tsekkaa hinnat ja varaa edullinen majoitus!\",\"breadcrumb\":{\"@id\":\"https:\\\/\\\/veteraaniensmhiihdot2026.fi\\\/?page_id=1152#breadcrumb\"},\"inLanguage\":\"fi\",\"potentialAction\":[{\"@type\":\"ReadAction\",\"target\":[\"https:\\\/\\\/veteraaniensmhiihdot2026.fi\\\/?page_id=1152\"]}]},{\"@type\":\"BreadcrumbList\",\"@id\":\"https:\\\/\\\/veteraaniensmhiihdot2026.fi\\\/?page_id=1152#breadcrumb\",\"itemListElement\":[{\"@type\":\"ListItem\",\"position\":1,\"name\":\"Etusivu\",\"item\":\"https:\\\/\\\/veteraaniensmhiihdot2026.fi\\\/\"},{\"@type\":\"ListItem\",\"position\":2,\"name\":\"Majoitus\"}]},{\"@type\":\"WebSite\",\"@id\":\"https:\\\/\\\/veteraaniensmhiihdot2026.fi\\\/#website\",\"url\":\"https:\\\/\\\/veteraaniensmhiihdot2026.fi\\\/\",\"name\":\"\",\"description\":\"\",\"potentialAction\":[{\"@type\":\"SearchAction\",\"target\":{\"@type\":\"EntryPoint\",\"urlTemplate\":\"https:\\\/\\\/veteraaniensmhiihdot2026.fi\\\/?s={search_term_string}\"},\"query-input\":{\"@type\":\"PropertyValueSpecification\",\"valueRequired\":true,\"valueName\":\"search_term_string\"}}],\"inLanguage\":\"fi\"}]}<\/script>\n<!-- \/ Yoast SEO plugin. -->","yoast_head_json":{"title":"Majoitus -","description":"Majoitus Kempeleess\u00e4 veteraanien SM 2026. Tsekkaa hinnat ja varaa edullinen majoitus!","robots":{"index":"index","follow":"follow","max-snippet":"max-snippet:-1","max-image-preview":"max-image-preview:large","max-video-preview":"max-video-preview:-1"},"canonical":"https:\/\/veteraaniensmhiihdot2026.fi\/?page_id=1152","og_locale":"fi_FI","og_type":"article","og_title":"Majoitus -","og_description":"Majoitus Kempeleess\u00e4 veteraanien SM 2026. Tsekkaa hinnat ja varaa edullinen majoitus!","og_url":"https:\/\/veteraaniensmhiihdot2026.fi\/?page_id=1152","article_modified_time":"2026-01-24T07:27:39+00:00","twitter_card":"summary_large_image","twitter_misc":{"Arvioitu lukuaika":"1 minuutti"},"schema":{"@context":"https:\/\/schema.org","@graph":[{"@type":"WebPage","@id":"https:\/\/veteraaniensmhiihdot2026.fi\/?page_id=1152","url":"https:\/\/veteraaniensmhiihdot2026.fi\/?page_id=1152","name":"Majoitus -","isPartOf":{"@id":"https:\/\/veteraaniensmhiihdot2026.fi\/#website"},"datePublished":"2025-11-10T15:34:57+00:00","dateModified":"2026-01-24T07:27:39+00:00","description":"Majoitus Kempeleess\u00e4 veteraanien SM 2026. Tsekkaa hinnat ja varaa edullinen majoitus!","breadcrumb":{"@id":"https:\/\/veteraaniensmhiihdot2026.fi\/?page_id=1152#breadcrumb"},"inLanguage":"fi","potentialAction":[{"@type":"ReadAction","target":["https:\/\/veteraaniensmhiihdot2026.fi\/?page_id=1152"]}]},{"@type":"BreadcrumbList","@id":"https:\/\/veteraaniensmhiihdot2026.fi\/?page_id=1152#breadcrumb","itemListElement":[{"@type":"ListItem","position":1,"name":"Etusivu","item":"https:\/\/veteraaniensmhiihdot2026.fi\/"},{"@type":"ListItem","position":2,"name":"Majoitus"}]},{"@type":"WebSite","@id":"https:\/\/veteraaniensmhiihdot2026.fi\/#website","url":"https:\/\/veteraaniensmhiihdot2026.fi\/","name":"","description":"","potentialAction":[{"@type":"SearchAction","target":{"@type":"EntryPoint","urlTemplate":"https:\/\/veteraaniensmhiihdot2026.fi\/?s={search_term_string}"},"query-input":{"@type":"PropertyValueSpecification","valueRequired":true,"valueName":"search_term_string"}}],"inLanguage":"fi"}]}},"_links":{"self":[{"href":"https:\/\/veteraaniensmhiihdot2026.fi\/index.php?rest_route=\/wp\/v2\/pages\/1152","targetHints":{"allow":["GET"]}}],"collection":[{"href":"https:\/\/veteraaniensmhiihdot2026.fi\/index.php?rest_route=\/wp\/v2\/pages"}],"about":[{"href":"https:\/\/veteraaniensmhiihdot2026.fi\/index.php?rest_route=\/wp\/v2\/types\/page"}],"author":[{"embeddable":true,"href":"https:\/\/veteraaniensmhiihdot2026.fi\/index.php?rest_route=\/wp\/v2\/users\/1"}],"replies":[{"embeddable":true,"href":"https:\/\/veteraaniensmhiihdot2026.fi\/index.php?rest_route=%2Fwp%2Fv2%2Fcomments&post=1152"}],"version-history":[{"count":13,"href":"https:\/\/veteraaniensmhiihdot2026.fi\/index.php?rest_route=\/wp\/v2\/pages\/1152\/revisions"}],"predecessor-version":[{"id":1202,"href":"https:\/\/veteraaniensmhiihdot2026.fi\/index.php?rest_route=\/wp\/v2\/pages\/1152\/revisions\/1202"}],"wp:attachment":[{"href":"https:\/\/veteraaniensmhiihdot2026.fi\/index.php?rest_route=%2Fwp%2Fv2%2Fmedia&parent=1152"}],"curies":[{"name":"wp","href":"https:\/\/api.w.org\/{rel}","templated":true}]}}