{"id":1251,"date":"2025-12-04T16:25:14","date_gmt":"2025-12-04T16:25:14","guid":{"rendered":"https:\/\/veteraaniensmhiihdot2026.fi\/?page_id=1251"},"modified":"2026-03-04T06:20:09","modified_gmt":"2026-03-04T06:20:09","slug":"kilpailukutsu","status":"publish","type":"page","link":"https:\/\/veteraaniensmhiihdot2026.fi\/?page_id=1251","title":{"rendered":"Kilpailukutsu"},"content":{"rendered":"\n<h2 class=\"wp-block-heading\">Kilpailukutsu<\/h2>\n\n\n\n<p>Kempeleen hiihtov\u00e4ell\u00e4 on ilo kutsua kaikki hiihdon yst\u00e4v\u00e4t ja veteraaniurheilijat kilpailemaan suomenmestaruuksista Kempeleeseen!<\/p>\n\n\n\n<p><\/p>\n\n\n\n<h3 class=\"blockart-heading blockart-heading-44907834\">Hiihdett\u00e4v\u00e4t matkat<\/h3>\n\n\n\n<p><strong>Perjantai<\/strong><\/p>\n\n\n\n<p>Viestit (p+v+v)<\/p>\n\n\n\n<p>1. M120, M150 3x5km eli (3x2x2.5km) klo 16.00<\/p>\n\n\n\n<p>2. N120, N150, M180 (3&#215;2.5km) klo 17.00<\/p>\n\n\n\n<p>3. N180, M210, N210 (3x2x1.25km) klo 18.00<\/p>\n\n\n\n<p><\/p>\n\n\n\n<p><strong>Lauantai<\/strong><\/p>\n\n\n\n<p>Henkil\u00f6kohtaiset matkat, perinteinen<\/p>\n\n\n\n<p>klo 11.00 alkaen<\/p>\n\n\n\n<p>&nbsp;10 km eli 4&#215;2,5 km N35, N40, M35, M40, M45, M50, M55<\/p>\n\n\n\n<p>&nbsp;&nbsp;7,5 km eli 3&#215;2,5 km N45, N50, M60, M65, M70<\/p>\n\n\n\n<p>&nbsp;&nbsp;5 km eli 2&#215;2,5 km N55, N60&nbsp;&nbsp;<\/p>\n\n\n\n<p>&nbsp;&nbsp;2.5 km 2&#215;1,25 km N65 ja vanhemmat, M75 ja vanhemmat<\/p>\n\n\n\n<p>Lyhytt\u00e4 rataa hiiht\u00e4v\u00e4t sarjat hiiht\u00e4v\u00e4t ensin ja sen j\u00e4lkeen pidemm\u00e4n radan sarjat.<\/p>\n\n\n\n<p><strong>Sunnuntai<\/strong><\/p>\n\n\n\n<p>Henkil\u00f6kohtaiset matkat, vapaa<\/p>\n\n\n\n<p>klo 10.00 alkaen<\/p>\n\n\n\n<p>&nbsp;10 km eli 4&#215;2,5 km N35, N40, M35, M40, M45, M50, M55<\/p>\n\n\n\n<p>&nbsp;&nbsp;7,5 km eli 3&#215;2,5 km N45, N50, M60, M65, M70<\/p>\n\n\n\n<p>&nbsp;&nbsp;5 km eli 2&#215;2,5 km N55, N60&nbsp;&nbsp;<\/p>\n\n\n\n<p>&nbsp;&nbsp;2.5 km 2&#215;1,25 km N65 ja vanhemmat, M75 ja vanhemmat<\/p>\n\n\n\n<p>Lyhytt\u00e4 rataa hiiht\u00e4v\u00e4t sarjat hiiht\u00e4v\u00e4t ensin ja sen j\u00e4lkeen pidemm\u00e4n radan sarjat.<\/p>\n","protected":false},"excerpt":{"rendered":"<p>Kilpailukutsu Kempeleen hiihtov\u00e4ell\u00e4 on ilo kutsua kaikki hiihdon yst\u00e4v\u00e4t ja veteraaniurheilijat kilpailemaan suomenmestaruuksista Kempeleeseen! Perjantai Viestit (p+v+v) 1. M120, M150 3x5km eli (3x2x2.5km) klo 16.00 2. N120, N150, M180 (3&#215;2.5km) klo 17.00 3. N180, M210, N210 (3x2x1.25km) klo 18.00 Lauantai Henkil\u00f6kohtaiset matkat, perinteinen klo 11.00 alkaen &nbsp;10 km eli 4&#215;2,5 km N35, N40, M35, M40, [&hellip;]<\/p>\n","protected":false},"author":1,"featured_media":0,"parent":2,"menu_order":0,"comment_status":"closed","ping_status":"closed","template":"","meta":{"zakra_page_container_layout":"customizer","zakra_page_sidebar_layout":"customizer","zakra_remove_content_margin":false,"zakra_sidebar":"customizer","zakra_transparent_header":"customizer","zakra_logo":0,"zakra_main_header_style":"default","zakra_menu_item_color":"","zakra_menu_item_hover_color":"","zakra_menu_item_active_color":"","zakra_menu_active_style":"","zakra_page_header":false,"footnotes":""},"class_list":["post-1251","page","type-page","status-publish","hentry"],"yoast_head":"<!-- This site is optimized with the Yoast SEO plugin v27.4 - https:\/\/yoast.com\/product\/yoast-seo-wordpress\/ -->\n<title>Kilpailukutsu -<\/title>\n<meta name=\"description\" content=\"Kilpailukutsu Veteraanien SM hiihtoihin 2026. Tervetuloa hiiht\u00e4m\u00e4\u00e4n suomen mestaruuksista Kempeleen K\u00f6ykkyriin!\" \/>\n<meta name=\"robots\" content=\"index, follow, max-snippet:-1, max-image-preview:large, max-video-preview:-1\" \/>\n<link rel=\"canonical\" href=\"https:\/\/veteraaniensmhiihdot2026.fi\/?page_id=1251\" \/>\n<meta property=\"og:locale\" content=\"fi_FI\" \/>\n<meta property=\"og:type\" content=\"article\" \/>\n<meta property=\"og:title\" content=\"Kilpailukutsu -\" \/>\n<meta property=\"og:description\" content=\"Kilpailukutsu Veteraanien SM hiihtoihin 2026. Tervetuloa hiiht\u00e4m\u00e4\u00e4n suomen mestaruuksista Kempeleen K\u00f6ykkyriin!\" \/>\n<meta property=\"og:url\" content=\"https:\/\/veteraaniensmhiihdot2026.fi\/?page_id=1251\" \/>\n<meta property=\"article:modified_time\" content=\"2026-03-04T06:20:09+00:00\" \/>\n<meta name=\"twitter:card\" content=\"summary_large_image\" \/>\n<meta name=\"twitter:label1\" content=\"Arvioitu lukuaika\" \/>\n\t<meta name=\"twitter:data1\" content=\"1 minuutti\" \/>\n<script type=\"application\/ld+json\" class=\"yoast-schema-graph\">{\"@context\":\"https:\\\/\\\/schema.org\",\"@graph\":[{\"@type\":\"WebPage\",\"@id\":\"https:\\\/\\\/veteraaniensmhiihdot2026.fi\\\/?page_id=1251\",\"url\":\"https:\\\/\\\/veteraaniensmhiihdot2026.fi\\\/?page_id=1251\",\"name\":\"Kilpailukutsu -\",\"isPartOf\":{\"@id\":\"https:\\\/\\\/veteraaniensmhiihdot2026.fi\\\/#website\"},\"datePublished\":\"2025-12-04T16:25:14+00:00\",\"dateModified\":\"2026-03-04T06:20:09+00:00\",\"description\":\"Kilpailukutsu Veteraanien SM hiihtoihin 2026. Tervetuloa hiiht\u00e4m\u00e4\u00e4n suomen mestaruuksista Kempeleen K\u00f6ykkyriin!\",\"breadcrumb\":{\"@id\":\"https:\\\/\\\/veteraaniensmhiihdot2026.fi\\\/?page_id=1251#breadcrumb\"},\"inLanguage\":\"fi\",\"potentialAction\":[{\"@type\":\"ReadAction\",\"target\":[\"https:\\\/\\\/veteraaniensmhiihdot2026.fi\\\/?page_id=1251\"]}]},{\"@type\":\"BreadcrumbList\",\"@id\":\"https:\\\/\\\/veteraaniensmhiihdot2026.fi\\\/?page_id=1251#breadcrumb\",\"itemListElement\":[{\"@type\":\"ListItem\",\"position\":1,\"name\":\"Etusivu\",\"item\":\"https:\\\/\\\/veteraaniensmhiihdot2026.fi\\\/\"},{\"@type\":\"ListItem\",\"position\":2,\"name\":\"Tapahtumainfo\",\"item\":\"https:\\\/\\\/veteraaniensmhiihdot2026.fi\\\/?page_id=2\"},{\"@type\":\"ListItem\",\"position\":3,\"name\":\"Kilpailukutsu\"}]},{\"@type\":\"WebSite\",\"@id\":\"https:\\\/\\\/veteraaniensmhiihdot2026.fi\\\/#website\",\"url\":\"https:\\\/\\\/veteraaniensmhiihdot2026.fi\\\/\",\"name\":\"\",\"description\":\"\",\"potentialAction\":[{\"@type\":\"SearchAction\",\"target\":{\"@type\":\"EntryPoint\",\"urlTemplate\":\"https:\\\/\\\/veteraaniensmhiihdot2026.fi\\\/?s={search_term_string}\"},\"query-input\":{\"@type\":\"PropertyValueSpecification\",\"valueRequired\":true,\"valueName\":\"search_term_string\"}}],\"inLanguage\":\"fi\"}]}<\/script>\n<!-- \/ Yoast SEO plugin. -->","yoast_head_json":{"title":"Kilpailukutsu -","description":"Kilpailukutsu Veteraanien SM hiihtoihin 2026. Tervetuloa hiiht\u00e4m\u00e4\u00e4n suomen mestaruuksista Kempeleen K\u00f6ykkyriin!","robots":{"index":"index","follow":"follow","max-snippet":"max-snippet:-1","max-image-preview":"max-image-preview:large","max-video-preview":"max-video-preview:-1"},"canonical":"https:\/\/veteraaniensmhiihdot2026.fi\/?page_id=1251","og_locale":"fi_FI","og_type":"article","og_title":"Kilpailukutsu -","og_description":"Kilpailukutsu Veteraanien SM hiihtoihin 2026. Tervetuloa hiiht\u00e4m\u00e4\u00e4n suomen mestaruuksista Kempeleen K\u00f6ykkyriin!","og_url":"https:\/\/veteraaniensmhiihdot2026.fi\/?page_id=1251","article_modified_time":"2026-03-04T06:20:09+00:00","twitter_card":"summary_large_image","twitter_misc":{"Arvioitu lukuaika":"1 minuutti"},"schema":{"@context":"https:\/\/schema.org","@graph":[{"@type":"WebPage","@id":"https:\/\/veteraaniensmhiihdot2026.fi\/?page_id=1251","url":"https:\/\/veteraaniensmhiihdot2026.fi\/?page_id=1251","name":"Kilpailukutsu -","isPartOf":{"@id":"https:\/\/veteraaniensmhiihdot2026.fi\/#website"},"datePublished":"2025-12-04T16:25:14+00:00","dateModified":"2026-03-04T06:20:09+00:00","description":"Kilpailukutsu Veteraanien SM hiihtoihin 2026. Tervetuloa hiiht\u00e4m\u00e4\u00e4n suomen mestaruuksista Kempeleen K\u00f6ykkyriin!","breadcrumb":{"@id":"https:\/\/veteraaniensmhiihdot2026.fi\/?page_id=1251#breadcrumb"},"inLanguage":"fi","potentialAction":[{"@type":"ReadAction","target":["https:\/\/veteraaniensmhiihdot2026.fi\/?page_id=1251"]}]},{"@type":"BreadcrumbList","@id":"https:\/\/veteraaniensmhiihdot2026.fi\/?page_id=1251#breadcrumb","itemListElement":[{"@type":"ListItem","position":1,"name":"Etusivu","item":"https:\/\/veteraaniensmhiihdot2026.fi\/"},{"@type":"ListItem","position":2,"name":"Tapahtumainfo","item":"https:\/\/veteraaniensmhiihdot2026.fi\/?page_id=2"},{"@type":"ListItem","position":3,"name":"Kilpailukutsu"}]},{"@type":"WebSite","@id":"https:\/\/veteraaniensmhiihdot2026.fi\/#website","url":"https:\/\/veteraaniensmhiihdot2026.fi\/","name":"","description":"","potentialAction":[{"@type":"SearchAction","target":{"@type":"EntryPoint","urlTemplate":"https:\/\/veteraaniensmhiihdot2026.fi\/?s={search_term_string}"},"query-input":{"@type":"PropertyValueSpecification","valueRequired":true,"valueName":"search_term_string"}}],"inLanguage":"fi"}]}},"_links":{"self":[{"href":"https:\/\/veteraaniensmhiihdot2026.fi\/index.php?rest_route=\/wp\/v2\/pages\/1251","targetHints":{"allow":["GET"]}}],"collection":[{"href":"https:\/\/veteraaniensmhiihdot2026.fi\/index.php?rest_route=\/wp\/v2\/pages"}],"about":[{"href":"https:\/\/veteraaniensmhiihdot2026.fi\/index.php?rest_route=\/wp\/v2\/types\/page"}],"author":[{"embeddable":true,"href":"https:\/\/veteraaniensmhiihdot2026.fi\/index.php?rest_route=\/wp\/v2\/users\/1"}],"replies":[{"embeddable":true,"href":"https:\/\/veteraaniensmhiihdot2026.fi\/index.php?rest_route=%2Fwp%2Fv2%2Fcomments&post=1251"}],"version-history":[{"count":6,"href":"https:\/\/veteraaniensmhiihdot2026.fi\/index.php?rest_route=\/wp\/v2\/pages\/1251\/revisions"}],"predecessor-version":[{"id":1388,"href":"https:\/\/veteraaniensmhiihdot2026.fi\/index.php?rest_route=\/wp\/v2\/pages\/1251\/revisions\/1388"}],"up":[{"embeddable":true,"href":"https:\/\/veteraaniensmhiihdot2026.fi\/index.php?rest_route=\/wp\/v2\/pages\/2"}],"wp:attachment":[{"href":"https:\/\/veteraaniensmhiihdot2026.fi\/index.php?rest_route=%2Fwp%2Fv2%2Fmedia&parent=1251"}],"curies":[{"name":"wp","href":"https:\/\/api.w.org\/{rel}","templated":true}]}}