{"id":1268,"date":"2026-01-24T07:34:30","date_gmt":"2026-01-24T07:34:30","guid":{"rendered":"https:\/\/veteraaniensmhiihdot2026.fi\/?page_id=1268"},"modified":"2026-01-24T07:34:31","modified_gmt":"2026-01-24T07:34:31","slug":"yleisolle","status":"publish","type":"page","link":"https:\/\/veteraaniensmhiihdot2026.fi\/?page_id=1268","title":{"rendered":"Yleis\u00f6lle"},"content":{"rendered":"\n<div class=\"aligncenter blockart-section blockart-section-4572612d aligncenter\"><div class=\"blockart-container\"><div class=\"blockart-section-inner\">\n<div class=\"blockart-column blockart-column-9d9263dd\"><div class=\"blockart-column-inner align-top\">\n<h2 class=\"wp-block-heading\">Yleis\u00f6lle<\/h2>\n\n\n\n<p>Veteraanien SM hiihdot tarjoavat j\u00e4lleen tapahtumarikkaan viikonlopun.<\/p>\n\n\n\n<h3 class=\"wp-block-heading\">Saapuminen kisapaikalle<\/h3>\n\n\n\n<p>Kisapaikka sijaitsee K\u00f6ykkyrin liikuntamaassa (Pyrinn\u00f6ntie 5). Parkkeeraus kisapaikan ohjeiden mukaan.<\/p>\n\n\n\n<h3 class=\"wp-block-heading\">Kisojen seuraaminen<\/h3>\n\n\n\n<p>Hiihtostadionilla kisojen seuraaminen merkityill\u00e4 alueilla. Latujen varrelle on stadionilta opastus.<\/p>\n\n\n\n<h3 class=\"wp-block-heading\">Kisaravintola<\/h3>\n\n\n\n<p>Hiihtomajalta l\u00f6ytyy j\u00e4rjest\u00e4j\u00e4n puolesta kisaravintola.<\/p>\n\n\n\n<p>Maksutapana k\u00e4teinen, kortti ja mobilepay.<\/p>\n\n\n\n<p><\/p>\n\n\n\n<p><\/p>\n\n\n\n<p><\/p>\n<\/div><\/div>\n\n\n\n<div class=\"blockart-buttons blockart-buttons-49d722d1 is-wrap\">\n<div class=\"blockart-button blockart-button-2e7ac1e4 \"><a class=\"blockart-button-link is-large is-style-filled\"><\/a><\/div>\n<\/div>\n<\/div><\/div><\/div>\n","protected":false},"excerpt":{"rendered":"","protected":false},"author":1,"featured_media":0,"parent":0,"menu_order":0,"comment_status":"closed","ping_status":"closed","template":"page-templates\/pagebuilder.php","meta":{"zakra_page_container_layout":"customizer","zakra_page_sidebar_layout":"customizer","zakra_remove_content_margin":true,"zakra_sidebar":"customizer","zakra_transparent_header":"customizer","zakra_logo":0,"zakra_main_header_style":"zak-layout-1-style-1","zakra_menu_item_color":"","zakra_menu_item_hover_color":"","zakra_menu_item_active_color":"","zakra_menu_active_style":"","zakra_page_header":false,"footnotes":""},"class_list":["post-1268","page","type-page","status-publish","hentry"],"yoast_head":"<!-- This site is optimized with the Yoast SEO plugin v27.4 - https:\/\/yoast.com\/product\/yoast-seo-wordpress\/ -->\n<title>Yleis\u00f6lle -<\/title>\n<meta name=\"description\" content=\"Majoitus Kempeleess\u00e4 veteraanien SM 2026. Tsekkaa hinnat ja varaa edullinen majoitus!\" \/>\n<meta name=\"robots\" content=\"index, follow, max-snippet:-1, max-image-preview:large, max-video-preview:-1\" \/>\n<link rel=\"canonical\" href=\"https:\/\/veteraaniensmhiihdot2026.fi\/?page_id=1268\" \/>\n<meta property=\"og:locale\" content=\"fi_FI\" \/>\n<meta property=\"og:type\" content=\"article\" \/>\n<meta property=\"og:title\" content=\"Yleis\u00f6lle -\" \/>\n<meta property=\"og:description\" content=\"Majoitus Kempeleess\u00e4 veteraanien SM 2026. Tsekkaa hinnat ja varaa edullinen majoitus!\" \/>\n<meta property=\"og:url\" content=\"https:\/\/veteraaniensmhiihdot2026.fi\/?page_id=1268\" \/>\n<meta property=\"article:modified_time\" content=\"2026-01-24T07:34:31+00:00\" \/>\n<meta name=\"twitter:card\" content=\"summary_large_image\" \/>\n<meta name=\"twitter:label1\" content=\"Arvioitu lukuaika\" \/>\n\t<meta name=\"twitter:data1\" content=\"1 minuutti\" \/>\n<script type=\"application\/ld+json\" class=\"yoast-schema-graph\">{\"@context\":\"https:\\\/\\\/schema.org\",\"@graph\":[{\"@type\":\"WebPage\",\"@id\":\"https:\\\/\\\/veteraaniensmhiihdot2026.fi\\\/?page_id=1268\",\"url\":\"https:\\\/\\\/veteraaniensmhiihdot2026.fi\\\/?page_id=1268\",\"name\":\"Yleis\u00f6lle -\",\"isPartOf\":{\"@id\":\"https:\\\/\\\/veteraaniensmhiihdot2026.fi\\\/#website\"},\"datePublished\":\"2026-01-24T07:34:30+00:00\",\"dateModified\":\"2026-01-24T07:34:31+00:00\",\"description\":\"Majoitus Kempeleess\u00e4 veteraanien SM 2026. Tsekkaa hinnat ja varaa edullinen majoitus!\",\"breadcrumb\":{\"@id\":\"https:\\\/\\\/veteraaniensmhiihdot2026.fi\\\/?page_id=1268#breadcrumb\"},\"inLanguage\":\"fi\",\"potentialAction\":[{\"@type\":\"ReadAction\",\"target\":[\"https:\\\/\\\/veteraaniensmhiihdot2026.fi\\\/?page_id=1268\"]}]},{\"@type\":\"BreadcrumbList\",\"@id\":\"https:\\\/\\\/veteraaniensmhiihdot2026.fi\\\/?page_id=1268#breadcrumb\",\"itemListElement\":[{\"@type\":\"ListItem\",\"position\":1,\"name\":\"Etusivu\",\"item\":\"https:\\\/\\\/veteraaniensmhiihdot2026.fi\\\/\"},{\"@type\":\"ListItem\",\"position\":2,\"name\":\"Yleis\u00f6lle\"}]},{\"@type\":\"WebSite\",\"@id\":\"https:\\\/\\\/veteraaniensmhiihdot2026.fi\\\/#website\",\"url\":\"https:\\\/\\\/veteraaniensmhiihdot2026.fi\\\/\",\"name\":\"\",\"description\":\"\",\"potentialAction\":[{\"@type\":\"SearchAction\",\"target\":{\"@type\":\"EntryPoint\",\"urlTemplate\":\"https:\\\/\\\/veteraaniensmhiihdot2026.fi\\\/?s={search_term_string}\"},\"query-input\":{\"@type\":\"PropertyValueSpecification\",\"valueRequired\":true,\"valueName\":\"search_term_string\"}}],\"inLanguage\":\"fi\"}]}<\/script>\n<!-- \/ Yoast SEO plugin. -->","yoast_head_json":{"title":"Yleis\u00f6lle -","description":"Majoitus Kempeleess\u00e4 veteraanien SM 2026. Tsekkaa hinnat ja varaa edullinen majoitus!","robots":{"index":"index","follow":"follow","max-snippet":"max-snippet:-1","max-image-preview":"max-image-preview:large","max-video-preview":"max-video-preview:-1"},"canonical":"https:\/\/veteraaniensmhiihdot2026.fi\/?page_id=1268","og_locale":"fi_FI","og_type":"article","og_title":"Yleis\u00f6lle -","og_description":"Majoitus Kempeleess\u00e4 veteraanien SM 2026. Tsekkaa hinnat ja varaa edullinen majoitus!","og_url":"https:\/\/veteraaniensmhiihdot2026.fi\/?page_id=1268","article_modified_time":"2026-01-24T07:34:31+00:00","twitter_card":"summary_large_image","twitter_misc":{"Arvioitu lukuaika":"1 minuutti"},"schema":{"@context":"https:\/\/schema.org","@graph":[{"@type":"WebPage","@id":"https:\/\/veteraaniensmhiihdot2026.fi\/?page_id=1268","url":"https:\/\/veteraaniensmhiihdot2026.fi\/?page_id=1268","name":"Yleis\u00f6lle -","isPartOf":{"@id":"https:\/\/veteraaniensmhiihdot2026.fi\/#website"},"datePublished":"2026-01-24T07:34:30+00:00","dateModified":"2026-01-24T07:34:31+00:00","description":"Majoitus Kempeleess\u00e4 veteraanien SM 2026. Tsekkaa hinnat ja varaa edullinen majoitus!","breadcrumb":{"@id":"https:\/\/veteraaniensmhiihdot2026.fi\/?page_id=1268#breadcrumb"},"inLanguage":"fi","potentialAction":[{"@type":"ReadAction","target":["https:\/\/veteraaniensmhiihdot2026.fi\/?page_id=1268"]}]},{"@type":"BreadcrumbList","@id":"https:\/\/veteraaniensmhiihdot2026.fi\/?page_id=1268#breadcrumb","itemListElement":[{"@type":"ListItem","position":1,"name":"Etusivu","item":"https:\/\/veteraaniensmhiihdot2026.fi\/"},{"@type":"ListItem","position":2,"name":"Yleis\u00f6lle"}]},{"@type":"WebSite","@id":"https:\/\/veteraaniensmhiihdot2026.fi\/#website","url":"https:\/\/veteraaniensmhiihdot2026.fi\/","name":"","description":"","potentialAction":[{"@type":"SearchAction","target":{"@type":"EntryPoint","urlTemplate":"https:\/\/veteraaniensmhiihdot2026.fi\/?s={search_term_string}"},"query-input":{"@type":"PropertyValueSpecification","valueRequired":true,"valueName":"search_term_string"}}],"inLanguage":"fi"}]}},"_links":{"self":[{"href":"https:\/\/veteraaniensmhiihdot2026.fi\/index.php?rest_route=\/wp\/v2\/pages\/1268","targetHints":{"allow":["GET"]}}],"collection":[{"href":"https:\/\/veteraaniensmhiihdot2026.fi\/index.php?rest_route=\/wp\/v2\/pages"}],"about":[{"href":"https:\/\/veteraaniensmhiihdot2026.fi\/index.php?rest_route=\/wp\/v2\/types\/page"}],"author":[{"embeddable":true,"href":"https:\/\/veteraaniensmhiihdot2026.fi\/index.php?rest_route=\/wp\/v2\/users\/1"}],"replies":[{"embeddable":true,"href":"https:\/\/veteraaniensmhiihdot2026.fi\/index.php?rest_route=%2Fwp%2Fv2%2Fcomments&post=1268"}],"version-history":[{"count":1,"href":"https:\/\/veteraaniensmhiihdot2026.fi\/index.php?rest_route=\/wp\/v2\/pages\/1268\/revisions"}],"predecessor-version":[{"id":1269,"href":"https:\/\/veteraaniensmhiihdot2026.fi\/index.php?rest_route=\/wp\/v2\/pages\/1268\/revisions\/1269"}],"wp:attachment":[{"href":"https:\/\/veteraaniensmhiihdot2026.fi\/index.php?rest_route=%2Fwp%2Fv2%2Fmedia&parent=1268"}],"curies":[{"name":"wp","href":"https:\/\/api.w.org\/{rel}","templated":true}]}}