{"id":1271,"date":"2026-01-24T07:47:59","date_gmt":"2026-01-24T07:47:59","guid":{"rendered":"https:\/\/veteraaniensmhiihdot2026.fi\/?page_id=1271"},"modified":"2026-03-05T06:28:04","modified_gmt":"2026-03-05T06:28:04","slug":"talkoolaiselle","status":"publish","type":"page","link":"https:\/\/veteraaniensmhiihdot2026.fi\/?page_id=1271","title":{"rendered":"Talkoolaiselle"},"content":{"rendered":"\n<div class=\"aligncenter blockart-section blockart-section-4572612d aligncenter\"><div class=\"blockart-container\"><div class=\"blockart-section-inner\">\n<div class=\"blockart-column blockart-column-9d9263dd\"><div class=\"blockart-column-inner justify-center align-top\">\n<p><\/p>\n\n\n\n<p><\/p>\n\n\n\n<h2 class=\"wp-block-heading\">Talkoolaiselle<\/h2>\n\n\n\n<p><strong>Talkooinfo: <\/strong><\/p>\n\n\n\n<ul class=\"wp-block-list\">\n<li>Sm -kisap\u00e4ivin\u00e4 talkoolaiset ja toimitsijat ajavat autot K\u00f6ykkyrin yl\u00e4parkkiin, P3.<\/li>\n<\/ul>\n\n\n\n<ul class=\"wp-block-list\">\n<li>Kisaliivit jaetaan ja palautetaan kisakansliaan<\/li>\n<\/ul>\n\n\n\n<p><\/p>\n\n\n\n<p><\/p>\n\n\n\n<p><\/p>\n\n\n\n<p><\/p>\n\n\n\n<p>Veteraanien SM-hiihdot 2026 rakennetaan <strong>talkoovoimin<\/strong>. Ilman vapaaehtoisia t\u00e4t\u00e4 tapahtumaa ei olisi \u2013 ja juuri siksi sin\u00e4 olet t\u00e4rke\u00e4 osa kisojen onnistumista.<\/p>\n\n\n\n<p>Talkoolaisena p\u00e4\u00e4set mukaan ainutlaatuiseen urheilutapahtumaan, osaksi yhteis\u00f6\u00e4, jossa tekemisen meininki, hyv\u00e4 fiilis ja yhdess\u00e4 onnistuminen ovat p\u00e4\u00e4osassa. Teht\u00e4vi\u00e4 on monenlaisia, eik\u00e4 aikaisempaa kokemusta tarvita \u2013 perehdyt\u00e4mme kaikki teht\u00e4viins\u00e4.<\/p>\n\n\n\n<h3 class=\"wp-block-heading\">Miss\u00e4 teht\u00e4viss\u00e4 talkoolaisia tarvitaan?<\/h3>\n\n\n\n<p>Kilpailuissa on monenlaisia teht\u00e4vi\u00e4 ja ne ei vaadi mit\u00e4\u00e4n koulutusta tai aiempaa kokemusta. Kaikki teht\u00e4v\u00e4t on opittavissa ja niihin annetaan opastus. Reipas mieli riitt\u00e4\u00e4. Teht\u00e4vi\u00e4 on monenlaisia liikenteen ja pys\u00e4k\u00f6innin ohjauksesta erilaisiin huolto- ja j\u00e4rjestelyteht\u00e4viin. Kahvio- ja myyntipisteiss\u00e4 on monesti tarve iloiselle asiakaspalveluasenteen omaavalle henkil\u00f6lle. <\/p>\n\n\n\n<p>Voit osallistua <strong>yhteen p\u00e4iv\u00e4\u00e4n tai koko tapahtumaan<\/strong> \u2013 kaikki apu on arvokasta.<\/p>\n\n\n\n<p>T\u00e4yt\u00e4 alla oleva lomake ja ilmoittaudu mukaan talkoolaiseksi.<br>Olemme sinuun yhteydess\u00e4 ja kerromme lis\u00e4\u00e4 teht\u00e4vist\u00e4 sek\u00e4 aikatauluista.<\/p>\n\n\n\n<p><strong>Tehd\u00e4\u00e4n Veteraanien SM-hiihdoista 2026 yhdess\u00e4 onnistunut tapahtuma!<\/strong><\/p>\n\n\n<div class=\"everest-forms\"><div class=\"evf-container default\" id=\"evf-22\"><form id=\"evf-form-22\" class=\"everest-form\" data-formid=\"22\" data-ajax_submission=\"0\" data-keyboard_friendly_form=\"0\" data-form_state_type=\"\" method=\"post\" enctype=\"multipart\/form-data\" action=\"\/index.php?rest_route=%2Fwp%2Fv2%2Fpages%2F1271\"><div class=\"evf-field-container\"><input type=\"hidden\" id=\"_wpnonce22\" name=\"_wpnonce22\" value=\"aa4a4b3198\" \/><input type=\"hidden\" name=\"_wp_http_referer\" value=\"\/index.php?rest_route=%2Fwp%2Fv2%2Fpages%2F1271\" \/><div class=\"evf-frontend-row\" data-row=\"row_1\" conditional_rules=\"[]\"><div class=\"evf-frontend-grid evf-grid-1\" data-grid=\"grid_1\"><div id=\"evf-22-field_fullname-container\" class=\"evf-field evf-field-text form-row validate-required\" data-required-field-message=\"This field is required.\" data-field-id=\"fullname\"><label class=\"evf-field-label\" for=\"evf-22-field_fullname\"><span class=\"evf-label\">Nimi<\/span> <abbr class=\"required\" title=\"Required\">*<\/abbr><\/label><input type=\"text\" id=\"evf-22-field_fullname\" class=\"input-text\" name=\"everest_forms[form_fields][fullname]\" required><\/div><div id=\"evf-22-field_email-container\" class=\"evf-field evf-field-email form-row validate-required validate-email\" data-required-field-message=\"Pakollinen kentt\u00e4\" data-field-id=\"email\"><label class=\"evf-field-label\" for=\"evf-22-field_email\"><span class=\"evf-label\">Puhelinnumero<\/span> <abbr class=\"required\" title=\"Required\">*<\/abbr><\/label><input type=\"email\" id=\"evf-22-field_email\" class=\"input-text\" name=\"everest_forms[form_fields][email]\" required ><\/div><div id=\"evf-22-field_subject-container\" class=\"evf-field evf-field-text form-row validate-required\" data-required-field-message=\"This field is required.\" data-field-id=\"subject\"><label class=\"evf-field-label\" for=\"evf-22-field_subject\"><span class=\"evf-label\">Mik\u00e4 \/ mitk\u00e4 p\u00e4iv\u00e4t olisit k\u00e4ytett\u00e4viss\u00e4 (6-8.3.2026)<\/span> <abbr class=\"required\" title=\"Required\">*<\/abbr><\/label><input type=\"text\" id=\"evf-22-field_subject\" class=\"input-text\" name=\"everest_forms[form_fields][subject]\" required><\/div><div id=\"evf-22-field_message-container\" class=\"evf-field evf-field-textarea form-row\" data-field-id=\"message\"><label class=\"evf-field-label\" for=\"evf-22-field_message\"><span class=\"evf-label\">Miss\u00e4 teht\u00e4viss\u00e4 haluaisit auttaa?<\/span> <\/label><textarea id=\"evf-22-field_message\" class=\"input-text\" name=\"everest_forms[form_fields][message]\"  ><\/textarea><\/div><\/div><\/div><\/div><div class=\"evf-honeypot-container evf-field-hp\"><label for=\"evf-22-field-hp\" class=\"evf-field-label\">Comment<\/label><input type=\"text\" name=\"everest_forms[hp]\" id=\"evf-22-field-hp\" class=\"input-text\"><\/div><div class=\"evf-submit-container \" ><input type=\"hidden\" name=\"everest_forms[id]\" value=\"22\"><input type=\"hidden\" name=\"everest_forms[author]\" value=\"1\"><button type='submit' name='everest_forms[submit]' class='everest-forms-submit-button button evf-submit ' id='evf-submit-22' value='evf-submit' data-process-text=\"Processing\u2026\" conditional_rules='&quot;&quot;' conditional_id='evf-submit-22'  id=\"evf-submit-22\" aria-live=\"assertive\">L\u00e4het\u00e4<\/button><\/div><\/form><\/div><!-- .evf-container --><\/div>\n\n\n<p><\/p>\n\n\n\n<p><\/p>\n<\/div><\/div>\n\n\n\n<div class=\"blockart-buttons blockart-buttons-49d722d1 is-wrap\">\n<div class=\"blockart-button blockart-button-c93ec2c6 \"><a class=\"blockart-button-link is-large is-style-filled\"><\/a><\/div>\n<\/div>\n<\/div><\/div><\/div>\n\n\n\n<p><\/p>\n","protected":false},"excerpt":{"rendered":"","protected":false},"author":1,"featured_media":0,"parent":0,"menu_order":0,"comment_status":"closed","ping_status":"closed","template":"page-templates\/pagebuilder.php","meta":{"zakra_page_container_layout":"customizer","zakra_page_sidebar_layout":"customizer","zakra_remove_content_margin":true,"zakra_sidebar":"customizer","zakra_transparent_header":"customizer","zakra_logo":0,"zakra_main_header_style":"zak-layout-1-style-1","zakra_menu_item_color":"","zakra_menu_item_hover_color":"","zakra_menu_item_active_color":"","zakra_menu_active_style":"","zakra_page_header":false,"footnotes":""},"class_list":["post-1271","page","type-page","status-publish","hentry"],"yoast_head":"<!-- This site is optimized with the Yoast SEO plugin v27.4 - https:\/\/yoast.com\/product\/yoast-seo-wordpress\/ -->\n<title>Talkoolaiselle -<\/title>\n<meta name=\"description\" content=\"Majoitus Kempeleess\u00e4 veteraanien SM 2026. Tsekkaa hinnat ja varaa edullinen majoitus!\" \/>\n<meta name=\"robots\" content=\"index, follow, max-snippet:-1, max-image-preview:large, max-video-preview:-1\" \/>\n<link rel=\"canonical\" href=\"https:\/\/veteraaniensmhiihdot2026.fi\/?page_id=1271\" \/>\n<meta property=\"og:locale\" content=\"fi_FI\" \/>\n<meta property=\"og:type\" content=\"article\" \/>\n<meta property=\"og:title\" content=\"Talkoolaiselle -\" \/>\n<meta property=\"og:description\" content=\"Majoitus Kempeleess\u00e4 veteraanien SM 2026. Tsekkaa hinnat ja varaa edullinen majoitus!\" \/>\n<meta property=\"og:url\" content=\"https:\/\/veteraaniensmhiihdot2026.fi\/?page_id=1271\" \/>\n<meta property=\"article:modified_time\" content=\"2026-03-05T06:28:04+00:00\" \/>\n<meta name=\"twitter:card\" content=\"summary_large_image\" \/>\n<meta name=\"twitter:label1\" content=\"Arvioitu lukuaika\" \/>\n\t<meta name=\"twitter:data1\" content=\"1 minuutti\" \/>\n<script type=\"application\/ld+json\" class=\"yoast-schema-graph\">{\"@context\":\"https:\\\/\\\/schema.org\",\"@graph\":[{\"@type\":\"WebPage\",\"@id\":\"https:\\\/\\\/veteraaniensmhiihdot2026.fi\\\/?page_id=1271\",\"url\":\"https:\\\/\\\/veteraaniensmhiihdot2026.fi\\\/?page_id=1271\",\"name\":\"Talkoolaiselle -\",\"isPartOf\":{\"@id\":\"https:\\\/\\\/veteraaniensmhiihdot2026.fi\\\/#website\"},\"datePublished\":\"2026-01-24T07:47:59+00:00\",\"dateModified\":\"2026-03-05T06:28:04+00:00\",\"description\":\"Majoitus Kempeleess\u00e4 veteraanien SM 2026. Tsekkaa hinnat ja varaa edullinen majoitus!\",\"breadcrumb\":{\"@id\":\"https:\\\/\\\/veteraaniensmhiihdot2026.fi\\\/?page_id=1271#breadcrumb\"},\"inLanguage\":\"fi\",\"potentialAction\":[{\"@type\":\"ReadAction\",\"target\":[\"https:\\\/\\\/veteraaniensmhiihdot2026.fi\\\/?page_id=1271\"]}]},{\"@type\":\"BreadcrumbList\",\"@id\":\"https:\\\/\\\/veteraaniensmhiihdot2026.fi\\\/?page_id=1271#breadcrumb\",\"itemListElement\":[{\"@type\":\"ListItem\",\"position\":1,\"name\":\"Etusivu\",\"item\":\"https:\\\/\\\/veteraaniensmhiihdot2026.fi\\\/\"},{\"@type\":\"ListItem\",\"position\":2,\"name\":\"Talkoolaiselle\"}]},{\"@type\":\"WebSite\",\"@id\":\"https:\\\/\\\/veteraaniensmhiihdot2026.fi\\\/#website\",\"url\":\"https:\\\/\\\/veteraaniensmhiihdot2026.fi\\\/\",\"name\":\"\",\"description\":\"\",\"potentialAction\":[{\"@type\":\"SearchAction\",\"target\":{\"@type\":\"EntryPoint\",\"urlTemplate\":\"https:\\\/\\\/veteraaniensmhiihdot2026.fi\\\/?s={search_term_string}\"},\"query-input\":{\"@type\":\"PropertyValueSpecification\",\"valueRequired\":true,\"valueName\":\"search_term_string\"}}],\"inLanguage\":\"fi\"}]}<\/script>\n<!-- \/ Yoast SEO plugin. -->","yoast_head_json":{"title":"Talkoolaiselle -","description":"Majoitus Kempeleess\u00e4 veteraanien SM 2026. Tsekkaa hinnat ja varaa edullinen majoitus!","robots":{"index":"index","follow":"follow","max-snippet":"max-snippet:-1","max-image-preview":"max-image-preview:large","max-video-preview":"max-video-preview:-1"},"canonical":"https:\/\/veteraaniensmhiihdot2026.fi\/?page_id=1271","og_locale":"fi_FI","og_type":"article","og_title":"Talkoolaiselle -","og_description":"Majoitus Kempeleess\u00e4 veteraanien SM 2026. Tsekkaa hinnat ja varaa edullinen majoitus!","og_url":"https:\/\/veteraaniensmhiihdot2026.fi\/?page_id=1271","article_modified_time":"2026-03-05T06:28:04+00:00","twitter_card":"summary_large_image","twitter_misc":{"Arvioitu lukuaika":"1 minuutti"},"schema":{"@context":"https:\/\/schema.org","@graph":[{"@type":"WebPage","@id":"https:\/\/veteraaniensmhiihdot2026.fi\/?page_id=1271","url":"https:\/\/veteraaniensmhiihdot2026.fi\/?page_id=1271","name":"Talkoolaiselle -","isPartOf":{"@id":"https:\/\/veteraaniensmhiihdot2026.fi\/#website"},"datePublished":"2026-01-24T07:47:59+00:00","dateModified":"2026-03-05T06:28:04+00:00","description":"Majoitus Kempeleess\u00e4 veteraanien SM 2026. Tsekkaa hinnat ja varaa edullinen majoitus!","breadcrumb":{"@id":"https:\/\/veteraaniensmhiihdot2026.fi\/?page_id=1271#breadcrumb"},"inLanguage":"fi","potentialAction":[{"@type":"ReadAction","target":["https:\/\/veteraaniensmhiihdot2026.fi\/?page_id=1271"]}]},{"@type":"BreadcrumbList","@id":"https:\/\/veteraaniensmhiihdot2026.fi\/?page_id=1271#breadcrumb","itemListElement":[{"@type":"ListItem","position":1,"name":"Etusivu","item":"https:\/\/veteraaniensmhiihdot2026.fi\/"},{"@type":"ListItem","position":2,"name":"Talkoolaiselle"}]},{"@type":"WebSite","@id":"https:\/\/veteraaniensmhiihdot2026.fi\/#website","url":"https:\/\/veteraaniensmhiihdot2026.fi\/","name":"","description":"","potentialAction":[{"@type":"SearchAction","target":{"@type":"EntryPoint","urlTemplate":"https:\/\/veteraaniensmhiihdot2026.fi\/?s={search_term_string}"},"query-input":{"@type":"PropertyValueSpecification","valueRequired":true,"valueName":"search_term_string"}}],"inLanguage":"fi"}]}},"_links":{"self":[{"href":"https:\/\/veteraaniensmhiihdot2026.fi\/index.php?rest_route=\/wp\/v2\/pages\/1271","targetHints":{"allow":["GET"]}}],"collection":[{"href":"https:\/\/veteraaniensmhiihdot2026.fi\/index.php?rest_route=\/wp\/v2\/pages"}],"about":[{"href":"https:\/\/veteraaniensmhiihdot2026.fi\/index.php?rest_route=\/wp\/v2\/types\/page"}],"author":[{"embeddable":true,"href":"https:\/\/veteraaniensmhiihdot2026.fi\/index.php?rest_route=\/wp\/v2\/users\/1"}],"replies":[{"embeddable":true,"href":"https:\/\/veteraaniensmhiihdot2026.fi\/index.php?rest_route=%2Fwp%2Fv2%2Fcomments&post=1271"}],"version-history":[{"count":6,"href":"https:\/\/veteraaniensmhiihdot2026.fi\/index.php?rest_route=\/wp\/v2\/pages\/1271\/revisions"}],"predecessor-version":[{"id":1419,"href":"https:\/\/veteraaniensmhiihdot2026.fi\/index.php?rest_route=\/wp\/v2\/pages\/1271\/revisions\/1419"}],"wp:attachment":[{"href":"https:\/\/veteraaniensmhiihdot2026.fi\/index.php?rest_route=%2Fwp%2Fv2%2Fmedia&parent=1271"}],"curies":[{"name":"wp","href":"https:\/\/api.w.org\/{rel}","templated":true}]}}