{"id":1293,"date":"2026-01-27T20:25:54","date_gmt":"2026-01-27T20:25:54","guid":{"rendered":"https:\/\/veteraaniensmhiihdot2026.fi\/?page_id=1293"},"modified":"2026-03-06T09:36:32","modified_gmt":"2026-03-06T09:36:32","slug":"aikataulu","status":"publish","type":"page","link":"https:\/\/veteraaniensmhiihdot2026.fi\/?page_id=1293","title":{"rendered":"Aikataulu"},"content":{"rendered":"\n<h2 class=\"wp-block-heading\">Kilpailuaikataulu<\/h2>\n\n\n\n<p><\/p>\n\n\n\n<h3 class=\"blockart-heading blockart-heading-44907834\">Aikataulut <\/h3>\n\n\n\n<p><\/p>\n\n\n\n<p><strong>KILPAILUAIKATAULU<\/strong><\/p>\n\n\n\n<p><span style=\"text-decoration: underline;\">Torstai 5.3.2026<\/span>&nbsp; <\/p>\n\n\n\n<p>klo 16.00-20.00 virallinen harjoitusaika kilpailuradoilla<\/p>\n\n\n\n<p><span style=\"text-decoration: underline;\">Perjantai 6.3.2026 <\/span><\/p>\n\n\n\n<p>klo 12.00-15.45 kilpailuradat avoinna harjoitteluun<br>klo 12.00 l\u00e4mmittelyrata avoinna harjoitteluun<br>klo 14.00 joukkueenjohtajien kokous (viesti)<br>klo 14.00 kilpailukanslia avautuu<br>klo 16.00 viesti M210, N180, N210<br>klo 17.00 viesti N120, N150, M180 <\/p>\n\n\n\n<p>klo 17.00 palkintojenjako M210, N180, N210<br>klo 18.00 viesti M120, M150 <\/p>\n\n\n\n<p>klo 18.15 palkintojenjako N120, N150, M180 <\/p>\n\n\n\n<p>klo 19.15 palkintojenjako M120, M150<\/p>\n\n\n\n<p>klo 19.30 joukkueenjohtajien kokous, henkil\u00f6kohtaiset matkat<\/p>\n\n\n\n<p><span style=\"text-decoration: underline;\">Lauantai 7.3.2026 <\/span><\/p>\n\n\n\n<p><\/p>\n\n\n\n<p>klo 8.00-10.45 kilpailuradat avoinna harjoitteluun<\/p>\n\n\n\n<p>klo 8.30 kilpailukanslia avautuu<\/p>\n\n\n\n<p>klo 8.00 l\u00e4mmittelyrata avoinna harjoitteluun<\/p>\n\n\n\n<p>klo 10.15 kilpailuiden viralliset avajaiset Kempeleen kunnan tervehdys Eero Kauppi, j\u00e4rjest\u00e4vien seurojen puheenjohtajat Jarmo Haapaniemi sek\u00e4 Ahti Tahkola<\/p>\n\n\n\n<p>klo 11.00 henkil\u00f6kohtainen kilpailu perinteinen hiihtotapa<\/p>\n\n\n\n<p>klo 12.00 palkintojen jako M85, M80, M75, N75, N70, N65<\/p>\n\n\n\n<p>klo 13.30 palkintojen jako N60, N55, N50, N45, M70, M65, M60<\/p>\n\n\n\n<p>n. klo 14.00 kilpailurata avoinna harjoitteluun kilpailun p\u00e4\u00e4tytty\u00e4<\/p>\n\n\n\n<p>klo 14.15 palkintojen jako N40, N35, M55, M50, M45, M40, M35<\/p>\n\n\n\n<p><span style=\"text-decoration: underline;\">Sunnuntai 8.3.2026<\/span><\/p>\n\n\n\n<p>klo 8.00 kilpailukanslia avautuu<\/p>\n\n\n\n<p>klo 8.00-9.45 kilpailuradat avoinna harjoitteluun<\/p>\n\n\n\n<p>klo 8.00 l\u00e4mmittelyrata avoinna harjoitteluun<\/p>\n\n\n\n<p>klo 10.00 henkil\u00f6kohtainen kilpailu vapaa hiihtotapa<\/p>\n\n\n\n<p>klo 11.00 palkintojen jako M85, M80, M75, N75, N70, N65<\/p>\n\n\n\n<p>klo 12.45 palkintojen jako N60, N55, N50, N45, M70, M65, M60<\/p>\n\n\n\n<p>klo 13.15 palkintojen jako N40, N35, M55, M50, M45, M40, M35<\/p>\n","protected":false},"excerpt":{"rendered":"<p>Kilpailuaikataulu KILPAILUAIKATAULU Torstai 5.3.2026&nbsp; klo 16.00-20.00 virallinen harjoitusaika kilpailuradoilla Perjantai 6.3.2026 klo 12.00-15.45 kilpailuradat avoinna harjoitteluunklo 12.00 l\u00e4mmittelyrata avoinna harjoitteluunklo 14.00 joukkueenjohtajien kokous (viesti)klo 14.00 kilpailukanslia avautuuklo 16.00 viesti M210, N180, N210klo 17.00 viesti N120, N150, M180 klo 17.00 palkintojenjako M210, N180, N210klo 18.00 viesti M120, M150 klo 18.15 palkintojenjako N120, N150, M180 klo 19.15 [&hellip;]<\/p>\n","protected":false},"author":1,"featured_media":0,"parent":2,"menu_order":0,"comment_status":"closed","ping_status":"closed","template":"","meta":{"zakra_page_container_layout":"customizer","zakra_page_sidebar_layout":"customizer","zakra_remove_content_margin":false,"zakra_sidebar":"customizer","zakra_transparent_header":"customizer","zakra_logo":0,"zakra_main_header_style":"default","zakra_menu_item_color":"","zakra_menu_item_hover_color":"","zakra_menu_item_active_color":"","zakra_menu_active_style":"","zakra_page_header":false,"footnotes":""},"class_list":["post-1293","page","type-page","status-publish","hentry"],"yoast_head":"<!-- This site is optimized with the Yoast SEO plugin v27.4 - https:\/\/yoast.com\/product\/yoast-seo-wordpress\/ -->\n<title>Aikataulu -<\/title>\n<meta name=\"robots\" content=\"index, follow, max-snippet:-1, max-image-preview:large, max-video-preview:-1\" \/>\n<link rel=\"canonical\" href=\"https:\/\/veteraaniensmhiihdot2026.fi\/?page_id=1293\" \/>\n<meta property=\"og:locale\" content=\"fi_FI\" \/>\n<meta property=\"og:type\" content=\"article\" \/>\n<meta property=\"og:title\" content=\"Aikataulu -\" \/>\n<meta property=\"og:description\" content=\"Kilpailuaikataulu KILPAILUAIKATAULU Torstai 5.3.2026&nbsp; klo 16.00-20.00 virallinen harjoitusaika kilpailuradoilla Perjantai 6.3.2026 klo 12.00-15.45 kilpailuradat avoinna harjoitteluunklo 12.00 l\u00e4mmittelyrata avoinna harjoitteluunklo 14.00 joukkueenjohtajien kokous (viesti)klo 14.00 kilpailukanslia avautuuklo 16.00 viesti M210, N180, N210klo 17.00 viesti N120, N150, M180 klo 17.00 palkintojenjako M210, N180, N210klo 18.00 viesti M120, M150 klo 18.15 palkintojenjako N120, N150, M180 klo 19.15 [&hellip;]\" \/>\n<meta property=\"og:url\" content=\"https:\/\/veteraaniensmhiihdot2026.fi\/?page_id=1293\" \/>\n<meta property=\"article:modified_time\" content=\"2026-03-06T09:36:32+00:00\" \/>\n<meta name=\"twitter:card\" content=\"summary_large_image\" \/>\n<meta name=\"twitter:label1\" content=\"Arvioitu lukuaika\" \/>\n\t<meta name=\"twitter:data1\" content=\"2 minuuttia\" \/>\n<script type=\"application\/ld+json\" class=\"yoast-schema-graph\">{\"@context\":\"https:\\\/\\\/schema.org\",\"@graph\":[{\"@type\":\"WebPage\",\"@id\":\"https:\\\/\\\/veteraaniensmhiihdot2026.fi\\\/?page_id=1293\",\"url\":\"https:\\\/\\\/veteraaniensmhiihdot2026.fi\\\/?page_id=1293\",\"name\":\"Aikataulu -\",\"isPartOf\":{\"@id\":\"https:\\\/\\\/veteraaniensmhiihdot2026.fi\\\/#website\"},\"datePublished\":\"2026-01-27T20:25:54+00:00\",\"dateModified\":\"2026-03-06T09:36:32+00:00\",\"breadcrumb\":{\"@id\":\"https:\\\/\\\/veteraaniensmhiihdot2026.fi\\\/?page_id=1293#breadcrumb\"},\"inLanguage\":\"fi\",\"potentialAction\":[{\"@type\":\"ReadAction\",\"target\":[\"https:\\\/\\\/veteraaniensmhiihdot2026.fi\\\/?page_id=1293\"]}]},{\"@type\":\"BreadcrumbList\",\"@id\":\"https:\\\/\\\/veteraaniensmhiihdot2026.fi\\\/?page_id=1293#breadcrumb\",\"itemListElement\":[{\"@type\":\"ListItem\",\"position\":1,\"name\":\"Etusivu\",\"item\":\"https:\\\/\\\/veteraaniensmhiihdot2026.fi\\\/\"},{\"@type\":\"ListItem\",\"position\":2,\"name\":\"Tapahtumainfo\",\"item\":\"https:\\\/\\\/veteraaniensmhiihdot2026.fi\\\/?page_id=2\"},{\"@type\":\"ListItem\",\"position\":3,\"name\":\"Aikataulu\"}]},{\"@type\":\"WebSite\",\"@id\":\"https:\\\/\\\/veteraaniensmhiihdot2026.fi\\\/#website\",\"url\":\"https:\\\/\\\/veteraaniensmhiihdot2026.fi\\\/\",\"name\":\"\",\"description\":\"\",\"potentialAction\":[{\"@type\":\"SearchAction\",\"target\":{\"@type\":\"EntryPoint\",\"urlTemplate\":\"https:\\\/\\\/veteraaniensmhiihdot2026.fi\\\/?s={search_term_string}\"},\"query-input\":{\"@type\":\"PropertyValueSpecification\",\"valueRequired\":true,\"valueName\":\"search_term_string\"}}],\"inLanguage\":\"fi\"}]}<\/script>\n<!-- \/ Yoast SEO plugin. -->","yoast_head_json":{"title":"Aikataulu -","robots":{"index":"index","follow":"follow","max-snippet":"max-snippet:-1","max-image-preview":"max-image-preview:large","max-video-preview":"max-video-preview:-1"},"canonical":"https:\/\/veteraaniensmhiihdot2026.fi\/?page_id=1293","og_locale":"fi_FI","og_type":"article","og_title":"Aikataulu -","og_description":"Kilpailuaikataulu KILPAILUAIKATAULU Torstai 5.3.2026&nbsp; klo 16.00-20.00 virallinen harjoitusaika kilpailuradoilla Perjantai 6.3.2026 klo 12.00-15.45 kilpailuradat avoinna harjoitteluunklo 12.00 l\u00e4mmittelyrata avoinna harjoitteluunklo 14.00 joukkueenjohtajien kokous (viesti)klo 14.00 kilpailukanslia avautuuklo 16.00 viesti M210, N180, N210klo 17.00 viesti N120, N150, M180 klo 17.00 palkintojenjako M210, N180, N210klo 18.00 viesti M120, M150 klo 18.15 palkintojenjako N120, N150, M180 klo 19.15 [&hellip;]","og_url":"https:\/\/veteraaniensmhiihdot2026.fi\/?page_id=1293","article_modified_time":"2026-03-06T09:36:32+00:00","twitter_card":"summary_large_image","twitter_misc":{"Arvioitu lukuaika":"2 minuuttia"},"schema":{"@context":"https:\/\/schema.org","@graph":[{"@type":"WebPage","@id":"https:\/\/veteraaniensmhiihdot2026.fi\/?page_id=1293","url":"https:\/\/veteraaniensmhiihdot2026.fi\/?page_id=1293","name":"Aikataulu -","isPartOf":{"@id":"https:\/\/veteraaniensmhiihdot2026.fi\/#website"},"datePublished":"2026-01-27T20:25:54+00:00","dateModified":"2026-03-06T09:36:32+00:00","breadcrumb":{"@id":"https:\/\/veteraaniensmhiihdot2026.fi\/?page_id=1293#breadcrumb"},"inLanguage":"fi","potentialAction":[{"@type":"ReadAction","target":["https:\/\/veteraaniensmhiihdot2026.fi\/?page_id=1293"]}]},{"@type":"BreadcrumbList","@id":"https:\/\/veteraaniensmhiihdot2026.fi\/?page_id=1293#breadcrumb","itemListElement":[{"@type":"ListItem","position":1,"name":"Etusivu","item":"https:\/\/veteraaniensmhiihdot2026.fi\/"},{"@type":"ListItem","position":2,"name":"Tapahtumainfo","item":"https:\/\/veteraaniensmhiihdot2026.fi\/?page_id=2"},{"@type":"ListItem","position":3,"name":"Aikataulu"}]},{"@type":"WebSite","@id":"https:\/\/veteraaniensmhiihdot2026.fi\/#website","url":"https:\/\/veteraaniensmhiihdot2026.fi\/","name":"","description":"","potentialAction":[{"@type":"SearchAction","target":{"@type":"EntryPoint","urlTemplate":"https:\/\/veteraaniensmhiihdot2026.fi\/?s={search_term_string}"},"query-input":{"@type":"PropertyValueSpecification","valueRequired":true,"valueName":"search_term_string"}}],"inLanguage":"fi"}]}},"_links":{"self":[{"href":"https:\/\/veteraaniensmhiihdot2026.fi\/index.php?rest_route=\/wp\/v2\/pages\/1293","targetHints":{"allow":["GET"]}}],"collection":[{"href":"https:\/\/veteraaniensmhiihdot2026.fi\/index.php?rest_route=\/wp\/v2\/pages"}],"about":[{"href":"https:\/\/veteraaniensmhiihdot2026.fi\/index.php?rest_route=\/wp\/v2\/types\/page"}],"author":[{"embeddable":true,"href":"https:\/\/veteraaniensmhiihdot2026.fi\/index.php?rest_route=\/wp\/v2\/users\/1"}],"replies":[{"embeddable":true,"href":"https:\/\/veteraaniensmhiihdot2026.fi\/index.php?rest_route=%2Fwp%2Fv2%2Fcomments&post=1293"}],"version-history":[{"count":7,"href":"https:\/\/veteraaniensmhiihdot2026.fi\/index.php?rest_route=\/wp\/v2\/pages\/1293\/revisions"}],"predecessor-version":[{"id":1424,"href":"https:\/\/veteraaniensmhiihdot2026.fi\/index.php?rest_route=\/wp\/v2\/pages\/1293\/revisions\/1424"}],"up":[{"embeddable":true,"href":"https:\/\/veteraaniensmhiihdot2026.fi\/index.php?rest_route=\/wp\/v2\/pages\/2"}],"wp:attachment":[{"href":"https:\/\/veteraaniensmhiihdot2026.fi\/index.php?rest_route=%2Fwp%2Fv2%2Fmedia&parent=1293"}],"curies":[{"name":"wp","href":"https:\/\/api.w.org\/{rel}","templated":true}]}}