{"id":1302,"date":"2026-02-01T09:32:48","date_gmt":"2026-02-01T09:32:48","guid":{"rendered":"https:\/\/veteraaniensmhiihdot2026.fi\/?page_id=1302"},"modified":"2026-03-06T09:37:38","modified_gmt":"2026-03-06T09:37:38","slug":"kilpailuohje","status":"publish","type":"page","link":"https:\/\/veteraaniensmhiihdot2026.fi\/?page_id=1302","title":{"rendered":"Kilpailuohje"},"content":{"rendered":"\n<h2 class=\"wp-block-heading\">Kilpailuohje<\/h2>\n\n\n\n<p><strong>KILPAILUOHJE VETERAANIEN SM-KILPAILUT 6.-8.3.2026 KEMPELE<\/strong><\/p>\n\n\n\n<p><strong>TIEDOTUS<\/strong><\/p>\n\n\n\n<p>Kilpailijoita varten on perustettu Whatsapp-ryhm\u00e4, johon kaikkien kilpailijoiden suositellaan l\u00e4mpim\u00e4sti liittyv\u00e4n. Linkki Whatsapp-ryhm\u00e4\u00e4n: <a href=\"https:\/\/chat.whatsapp.com\/JWO4a2e50lX1Cng1x1KZ87\">https:\/\/chat.whatsapp.com\/JWO4a2e50lX1Cng1x1KZ87<\/a><\/p>\n\n\n\n<p><strong>JOUKKUEENJOHTAJIEN KOKOUKSET<\/strong><\/p>\n\n\n\n<p><span style=\"text-decoration: underline;\">Viestien joukkueenjohtajien kokous<\/span> perjantaina 6.3.2026 klo 14.00 kilpailukeskuksessa. Kokoukseen on mahdollista osallistua my\u00f6s <a href=\"https:\/\/teams.microsoft.com\/l\/meetup-join\/19%3ameeting_NmFhOWRkNWEtYjZmNC00MmFlLTgxM2YtNzJmMDc1OTJiYWRm%40thread.v2\/0?context=%7b%22Tid%22%3a%227cc6f684-1619-49fb-be6f-9a9d9afe38eb%22%2c%22Oid%22%3a%22b001a5a9-494c-4723-8b95-c4c5a7a76243%22%7d\" type=\"link\" id=\"https:\/\/teams.microsoft.com\/l\/meetup-join\/19%3ameeting_NmFhOWRkNWEtYjZmNC00MmFlLTgxM2YtNzJmMDc1OTJiYWRm%40thread.v2\/0?context=%7b%22Tid%22%3a%227cc6f684-1619-49fb-be6f-9a9d9afe38eb%22%2c%22Oid%22%3a%22b001a5a9-494c-4723-8b95-c4c5a7a76243%22%7d\">Teams-et\u00e4yhteydell\u00e4 t\u00e4st\u00e4.<\/a><\/p>\n\n\n\n<p><span style=\"text-decoration: underline;\">Henkil\u00f6kohtaisten matkojen joukkueenjohtajien kokous<\/span> perjantaina 6.3.2026 klo 19.30 kilpailukeskuksessa. Kokoukseen on mahdollista osallistua my\u00f6s <a href=\"https:\/\/teams.microsoft.com\/l\/meetup-join\/19%3ameeting_MWRkMDVmMjEtNmM2MC00ZGUxLWJjNmMtMDgxYzBkOGFiMzZj%40thread.v2\/0?context=%7b%22Tid%22%3a%227cc6f684-1619-49fb-be6f-9a9d9afe38eb%22%2c%22Oid%22%3a%22b001a5a9-494c-4723-8b95-c4c5a7a76243%22%7d\">Teams-et\u00e4yhteydell\u00e4 t\u00e4st\u00e4.<\/a><\/p>\n\n\n\n<p><strong>KILPAILUAIKATAULU<\/strong><\/p>\n\n\n\n<p><span style=\"text-decoration: underline;\">Torstai 5.3.2026<\/span>&nbsp; <\/p>\n\n\n\n<p>klo 16.00-20.00 virallinen harjoitusaika kilpailuradoilla<\/p>\n\n\n\n<p><span style=\"text-decoration: underline;\">Perjantai 6.3.2026<\/span><\/p>\n\n\n\n<p>klo 12.00-15.45 kilpailuradat avoinna harjoitteluun<br>klo 12.00 l\u00e4mmittelyrata avoinna harjoitteluun<br>klo 14.00 joukkueenjohtajien kokous (viesti)<br>klo 14.00 kilpailukanslia avautuu<br>klo 16.00 viesti M210, N180, N210<br>klo 17.00 viesti N120, N150, M180 <\/p>\n\n\n\n<p>klo 17.00 palkintojenjako M210, N180, N210<br>klo 18.00 viesti M120, M150 <\/p>\n\n\n\n<p>klo 18.15 palkintojenjako N120, N150, M180 <\/p>\n\n\n\n<p>klo 19.15 palkintojenjako M120, M150<\/p>\n\n\n\n<p>klo 19.30 joukkueenjohtajien kokous, henkil\u00f6kohtaiset matkat<\/p>\n\n\n\n<p><span style=\"text-decoration: underline;\">Lauantai 7.3.2026 <\/span><\/p>\n\n\n\n<p><\/p>\n\n\n\n<p>klo 8.00-10.45 kilpailuradat avoinna harjoitteluun<\/p>\n\n\n\n<p>klo 8.30 kilpailukanslia avautuu<\/p>\n\n\n\n<p>klo 8.00 l\u00e4mmittelyrata avoinna harjoitteluun<\/p>\n\n\n\n<p>klo 10.15 kilpailuiden viralliset avajaiset Kempeleen kunnan tervehdys Eero Kauppi, j\u00e4rjest\u00e4vien seurojen puheenjohtajat Jarmo Haapaniemi sek\u00e4 Ahti Tahkola<\/p>\n\n\n\n<p>klo 11.00 henkil\u00f6kohtainen kilpailu perinteinen hiihtotapa<\/p>\n\n\n\n<p>klo 12.00 palkintojen jako M85, M80, M75, N75, N70, N65<\/p>\n\n\n\n<p>klo 13.30 palkintojen jako N60, N55, N50, N45, M70, M65, M60<\/p>\n\n\n\n<p>n. klo 14.00 kilpailurata avoinna harjoitteluun kilpailun p\u00e4\u00e4tytty\u00e4<\/p>\n\n\n\n<p>klo 14.15 palkintojen jako N40, N35, M55, M50, M45, M40, M35<\/p>\n\n\n\n<p><span style=\"text-decoration: underline;\">Sunnuntai 8.3.2026<\/span><\/p>\n\n\n\n<p>klo 8.00 kilpailukanslia avautuu<\/p>\n\n\n\n<p>klo 8.00-9.45 kilpailuradat avoinna harjoitteluun<\/p>\n\n\n\n<p>klo 8.00 l\u00e4mmittelyrata avoinna harjoitteluun<\/p>\n\n\n\n<p>klo 10.00 henkil\u00f6kohtainen kilpailu vapaa hiihtotapa<\/p>\n\n\n\n<p>klo 11.00 palkintojen jako M85, M80, M75, N75, N70, N65<\/p>\n\n\n\n<p>klo 12.45 palkintojen jako N60, N55, N50, N45, M70, M65, M60<\/p>\n\n\n\n<p>klo 13.15 palkintojen jako N40, N35, M55, M50, M45, M40, M35<\/p>\n\n\n\n<p><strong>KILPAILURADAT<\/strong><\/p>\n\n\n\n<p>Kilpailuissa k\u00e4ytet\u00e4\u00e4n 2,5km sek\u00e4 1,25km ratoja. <a href=\"https:\/\/veteraaniensmhiihdot2026.fi\/?page_id=1145\" type=\"page\" id=\"1145\">Lue lis\u00e4\u00e4 t\u00e4st\u00e4.<\/a><\/p>\n\n\n\n<p>Kilpailuradat suljetaan l\u00e4mmittelylt\u00e4 15 minuuttia ennen kilpailun alkua. Sen j\u00e4lkeen l\u00e4mmittely ainoastaan l\u00e4mmittelyradalla.<\/p>\n\n\n\n<p><strong>MATKAT JA SARJAT<\/strong><\/p>\n\n\n\n<p>Viestit (p + v + v)<\/p>\n\n\n\n<p>M120, M150 3x5km (2&#215;2,5km)<\/p>\n\n\n\n<p>N120, N150, M180 3&#215;2,5km<\/p>\n\n\n\n<p>N180, M210, N210 3&#215;2,5km (2&#215;1,25km)<\/p>\n\n\n\n<p>Henkil\u00f6kohtaiset matkat&nbsp;<\/p>\n\n\n\n<p>M35, M40, M45, M50, M55, N35, N40 10km (4&#215;2,5km)<\/p>\n\n\n\n<p>M60, M65, M70, N45, N50 7,5km (3&#215;2,5km)<\/p>\n\n\n\n<p>N55, N60 5km (2&#215;2,5km)<\/p>\n\n\n\n<p>M75, M80, M85, N65, N70, N75, N80, N85 2,5km (2&#215;1,25km)<\/p>\n\n\n\n<p><strong>KILPAILUKANSLIA<\/strong><\/p>\n\n\n\n<p>Kilpailukanslia sijaitsee kilpailukeskuksen keskell\u00e4 sijaitsevassa Pyrinn\u00f6n majassa, osoite Pyrinn\u00f6ntie 5 90450 Kempele.<\/p>\n\n\n\n<p><strong>PUKUTILAT<\/strong><\/p>\n\n\n\n<p>Pukutilat sek\u00e4 peseytymistilat sijaitsevat samassa rakennuksessa kuin kilpailukanslia. Rakennuksesta l\u00f6ytyv\u00e4t pukuhuone, suihkut ja saunat miehille ja naisille.<\/p>\n\n\n\n<p><strong>V\u00c4LINEVALVONTA<\/strong><\/p>\n\n\n\n<p>Fluoritestaus v\u00e4litt\u00f6m\u00e4sti maaliintulon j\u00e4lkeen maalialueella. J\u00e4rjest\u00e4j\u00e4 toimittaa sukset fluoritestaukseen, josta ne ovat hiiht\u00e4jien haettavissa noin 15 minuutin kuluttua. Hiiht\u00e4j\u00e4 on itse vastuussa suksiensa merkkauksesta. Sukset merkataan kilpailukansliasta saatavilla tarroilla ohjeiden mukaan niin, ett\u00e4 suksessa on selke\u00e4sti n\u00e4kyvill\u00e4 sarja, jossa hiiht\u00e4j\u00e4 hiiht\u00e4\u00e4 sek\u00e4 kilpailunumero.<\/p>\n\n\n\n<p><strong>S\u00c4\u00c4NN\u00d6T JA VASTALAUSEET<\/strong><\/p>\n\n\n\n<p>Kilpailuissa noudatetaan FIS:n kilpailus\u00e4\u00e4nt\u00f6j\u00e4(ICR) ja niit\u00e4 t\u00e4ydent\u00e4vi\u00e4 Maastohiihdon<br>kotimaisia kilpailus\u00e4\u00e4nt\u00f6j\u00e4 &#8211; viimeisimpi\u00e4 versioita kaikista.<br>Protestiaika kussakin kilpailussa on 15 minuuttia ep\u00e4virallisten tulosten julkistamisesta.<br>Protesti j\u00e4tet\u00e4\u00e4n kilpailukansliaan. Protestimaksu on 100 euroa joka on maksettava<br>k\u00e4teisell\u00e4 kilpailukansliaan. Maksu palautetaan mik\u00e4li protesti hyv\u00e4ksyt\u00e4\u00e4n.<\/p>\n\n\n\n<p><strong>PALKINTOJENJAKO<\/strong><\/p>\n\n\n\n<p>Palkintojenjako j\u00e4rjestet\u00e4\u00e4n my\u00f6hemmin ilmoitettavan aikataulun mukaan Pyrinn\u00f6n majan edess\u00e4 olevalla palkintojenjakoalueella.<\/p>\n\n\n\n<p>Perjantai: Alustava aikataulu: 1. l\u00e4ht\u00f6 n.16:45, 2. ja 3. l\u00e4ht\u00f6 n.19:00<\/p>\n\n\n\n<p>Lauantai: Palkintojen jako tehd\u00e4\u00e4n 2. er\u00e4ss\u00e4. Ensimm\u00e4isess\u00e4 er\u00e4ss\u00e4 jaetaan lyhyen matkan hiiht\u00e4j\u00e4t n. klo 12.00<\/p>\n\n\n\n<p><strong>SAAPUMINEN JA PYS\u00c4K\u00d6INTI<\/strong><\/p>\n\n\n\n<p>Urheilijoiden pys\u00e4k\u00f6inti tapahtuu aluekartassa n\u00e4kyvill\u00e4 pys\u00e4k\u00f6intialueilla, jotka sijaitsevat Pyrinn\u00f6n majan v\u00e4litt\u00f6m\u00e4ss\u00e4 l\u00e4heisyydess\u00e4 (alue 1) sek\u00e4 huoltorakennuksen v\u00e4litt\u00f6m\u00e4ss\u00e4 l\u00e4heisyydess\u00e4 (alue 2)<\/p>\n\n\n\n<p><strong>MAJOITUS<\/strong><\/p>\n\n\n\n<p><a href=\"https:\/\/veteraaniensmhiihdot2026.fi\/?page_id=1152\" type=\"page\" id=\"1152\">Lue lis\u00e4\u00e4 Majoitus sivulta<\/a><\/p>\n\n\n\n<p>RAVINTOLA<\/p>\n\n\n\n<p>Pyrinn\u00f6n majalla mahdollisuus keittoruokaan p\u00e4ivitt\u00e4in. Lis\u00e4ksi myynniss\u00e4 kahvilatuotteita.<\/p>\n\n\n\n<p>Kisamakkarakioski l\u00e4ht\u00f6alueen l\u00e4heisyydess\u00e4. Myynniss\u00e4 my\u00f6s kahvia ja muuta l\u00e4mmint\u00e4 juotavaa.<\/p>\n\n\n\n<p><strong>HUOLTOTILAT<\/strong><\/p>\n\n\n\n<p>Kilpailuissa ei ole poolikoppeja eik\u00e4 s\u00e4hk\u00f6pistokkeellisia pys\u00e4k\u00f6intipaikkoja. Pyrinn\u00f6n majalla voitelupalvelua tarjoaa Suksivire Oy.<\/p>\n\n\n\n<p><strong>ALUEKARTTA<\/strong><\/p>\n\n\n\n<p>L\u00f6ytyy <a href=\"https:\/\/veteraaniensmhiihdot2026.fi\/?page_id=1307\" type=\"page\" id=\"1307\">t\u00e4st\u00e4<\/a><\/p>\n\n\n\n<p><\/p>\n","protected":false},"excerpt":{"rendered":"<p>Kilpailuohje KILPAILUOHJE VETERAANIEN SM-KILPAILUT 6.-8.3.2026 KEMPELE TIEDOTUS Kilpailijoita varten on perustettu Whatsapp-ryhm\u00e4, johon kaikkien kilpailijoiden suositellaan l\u00e4mpim\u00e4sti liittyv\u00e4n. Linkki Whatsapp-ryhm\u00e4\u00e4n: https:\/\/chat.whatsapp.com\/JWO4a2e50lX1Cng1x1KZ87 JOUKKUEENJOHTAJIEN KOKOUKSET Viestien joukkueenjohtajien kokous perjantaina 6.3.2026 klo 14.00 kilpailukeskuksessa. Kokoukseen on mahdollista osallistua my\u00f6s Teams-et\u00e4yhteydell\u00e4 t\u00e4st\u00e4. Henkil\u00f6kohtaisten matkojen joukkueenjohtajien kokous perjantaina 6.3.2026 klo 19.30 kilpailukeskuksessa. Kokoukseen on mahdollista osallistua my\u00f6s Teams-et\u00e4yhteydell\u00e4 t\u00e4st\u00e4. KILPAILUAIKATAULU [&hellip;]<\/p>\n","protected":false},"author":1,"featured_media":0,"parent":2,"menu_order":0,"comment_status":"closed","ping_status":"closed","template":"","meta":{"zakra_page_container_layout":"customizer","zakra_page_sidebar_layout":"customizer","zakra_remove_content_margin":false,"zakra_sidebar":"customizer","zakra_transparent_header":"customizer","zakra_logo":0,"zakra_main_header_style":"default","zakra_menu_item_color":"","zakra_menu_item_hover_color":"","zakra_menu_item_active_color":"","zakra_menu_active_style":"","zakra_page_header":false,"footnotes":""},"class_list":["post-1302","page","type-page","status-publish","hentry"],"yoast_head":"<!-- This site is optimized with the Yoast SEO plugin v27.4 - https:\/\/yoast.com\/product\/yoast-seo-wordpress\/ -->\n<title>Kilpailuohje -<\/title>\n<meta name=\"robots\" content=\"index, follow, max-snippet:-1, max-image-preview:large, max-video-preview:-1\" \/>\n<link rel=\"canonical\" href=\"https:\/\/veteraaniensmhiihdot2026.fi\/?page_id=1302\" \/>\n<meta property=\"og:locale\" content=\"fi_FI\" \/>\n<meta property=\"og:type\" content=\"article\" \/>\n<meta property=\"og:title\" content=\"Kilpailuohje -\" \/>\n<meta property=\"og:description\" content=\"Kilpailuohje KILPAILUOHJE VETERAANIEN SM-KILPAILUT 6.-8.3.2026 KEMPELE TIEDOTUS Kilpailijoita varten on perustettu Whatsapp-ryhm\u00e4, johon kaikkien kilpailijoiden suositellaan l\u00e4mpim\u00e4sti liittyv\u00e4n. Linkki Whatsapp-ryhm\u00e4\u00e4n: https:\/\/chat.whatsapp.com\/JWO4a2e50lX1Cng1x1KZ87 JOUKKUEENJOHTAJIEN KOKOUKSET Viestien joukkueenjohtajien kokous perjantaina 6.3.2026 klo 14.00 kilpailukeskuksessa. Kokoukseen on mahdollista osallistua my\u00f6s Teams-et\u00e4yhteydell\u00e4 t\u00e4st\u00e4. Henkil\u00f6kohtaisten matkojen joukkueenjohtajien kokous perjantaina 6.3.2026 klo 19.30 kilpailukeskuksessa. Kokoukseen on mahdollista osallistua my\u00f6s Teams-et\u00e4yhteydell\u00e4 t\u00e4st\u00e4. KILPAILUAIKATAULU [&hellip;]\" \/>\n<meta property=\"og:url\" content=\"https:\/\/veteraaniensmhiihdot2026.fi\/?page_id=1302\" \/>\n<meta property=\"article:modified_time\" content=\"2026-03-06T09:37:38+00:00\" \/>\n<meta name=\"twitter:card\" content=\"summary_large_image\" \/>\n<meta name=\"twitter:label1\" content=\"Arvioitu lukuaika\" \/>\n\t<meta name=\"twitter:data1\" content=\"4 minuuttia\" \/>\n<script type=\"application\/ld+json\" class=\"yoast-schema-graph\">{\"@context\":\"https:\\\/\\\/schema.org\",\"@graph\":[{\"@type\":\"WebPage\",\"@id\":\"https:\\\/\\\/veteraaniensmhiihdot2026.fi\\\/?page_id=1302\",\"url\":\"https:\\\/\\\/veteraaniensmhiihdot2026.fi\\\/?page_id=1302\",\"name\":\"Kilpailuohje -\",\"isPartOf\":{\"@id\":\"https:\\\/\\\/veteraaniensmhiihdot2026.fi\\\/#website\"},\"datePublished\":\"2026-02-01T09:32:48+00:00\",\"dateModified\":\"2026-03-06T09:37:38+00:00\",\"breadcrumb\":{\"@id\":\"https:\\\/\\\/veteraaniensmhiihdot2026.fi\\\/?page_id=1302#breadcrumb\"},\"inLanguage\":\"fi\",\"potentialAction\":[{\"@type\":\"ReadAction\",\"target\":[\"https:\\\/\\\/veteraaniensmhiihdot2026.fi\\\/?page_id=1302\"]}]},{\"@type\":\"BreadcrumbList\",\"@id\":\"https:\\\/\\\/veteraaniensmhiihdot2026.fi\\\/?page_id=1302#breadcrumb\",\"itemListElement\":[{\"@type\":\"ListItem\",\"position\":1,\"name\":\"Etusivu\",\"item\":\"https:\\\/\\\/veteraaniensmhiihdot2026.fi\\\/\"},{\"@type\":\"ListItem\",\"position\":2,\"name\":\"Tapahtumainfo\",\"item\":\"https:\\\/\\\/veteraaniensmhiihdot2026.fi\\\/?page_id=2\"},{\"@type\":\"ListItem\",\"position\":3,\"name\":\"Kilpailuohje\"}]},{\"@type\":\"WebSite\",\"@id\":\"https:\\\/\\\/veteraaniensmhiihdot2026.fi\\\/#website\",\"url\":\"https:\\\/\\\/veteraaniensmhiihdot2026.fi\\\/\",\"name\":\"\",\"description\":\"\",\"potentialAction\":[{\"@type\":\"SearchAction\",\"target\":{\"@type\":\"EntryPoint\",\"urlTemplate\":\"https:\\\/\\\/veteraaniensmhiihdot2026.fi\\\/?s={search_term_string}\"},\"query-input\":{\"@type\":\"PropertyValueSpecification\",\"valueRequired\":true,\"valueName\":\"search_term_string\"}}],\"inLanguage\":\"fi\"}]}<\/script>\n<!-- \/ Yoast SEO plugin. -->","yoast_head_json":{"title":"Kilpailuohje -","robots":{"index":"index","follow":"follow","max-snippet":"max-snippet:-1","max-image-preview":"max-image-preview:large","max-video-preview":"max-video-preview:-1"},"canonical":"https:\/\/veteraaniensmhiihdot2026.fi\/?page_id=1302","og_locale":"fi_FI","og_type":"article","og_title":"Kilpailuohje -","og_description":"Kilpailuohje KILPAILUOHJE VETERAANIEN SM-KILPAILUT 6.-8.3.2026 KEMPELE TIEDOTUS Kilpailijoita varten on perustettu Whatsapp-ryhm\u00e4, johon kaikkien kilpailijoiden suositellaan l\u00e4mpim\u00e4sti liittyv\u00e4n. Linkki Whatsapp-ryhm\u00e4\u00e4n: https:\/\/chat.whatsapp.com\/JWO4a2e50lX1Cng1x1KZ87 JOUKKUEENJOHTAJIEN KOKOUKSET Viestien joukkueenjohtajien kokous perjantaina 6.3.2026 klo 14.00 kilpailukeskuksessa. Kokoukseen on mahdollista osallistua my\u00f6s Teams-et\u00e4yhteydell\u00e4 t\u00e4st\u00e4. Henkil\u00f6kohtaisten matkojen joukkueenjohtajien kokous perjantaina 6.3.2026 klo 19.30 kilpailukeskuksessa. Kokoukseen on mahdollista osallistua my\u00f6s Teams-et\u00e4yhteydell\u00e4 t\u00e4st\u00e4. KILPAILUAIKATAULU [&hellip;]","og_url":"https:\/\/veteraaniensmhiihdot2026.fi\/?page_id=1302","article_modified_time":"2026-03-06T09:37:38+00:00","twitter_card":"summary_large_image","twitter_misc":{"Arvioitu lukuaika":"4 minuuttia"},"schema":{"@context":"https:\/\/schema.org","@graph":[{"@type":"WebPage","@id":"https:\/\/veteraaniensmhiihdot2026.fi\/?page_id=1302","url":"https:\/\/veteraaniensmhiihdot2026.fi\/?page_id=1302","name":"Kilpailuohje -","isPartOf":{"@id":"https:\/\/veteraaniensmhiihdot2026.fi\/#website"},"datePublished":"2026-02-01T09:32:48+00:00","dateModified":"2026-03-06T09:37:38+00:00","breadcrumb":{"@id":"https:\/\/veteraaniensmhiihdot2026.fi\/?page_id=1302#breadcrumb"},"inLanguage":"fi","potentialAction":[{"@type":"ReadAction","target":["https:\/\/veteraaniensmhiihdot2026.fi\/?page_id=1302"]}]},{"@type":"BreadcrumbList","@id":"https:\/\/veteraaniensmhiihdot2026.fi\/?page_id=1302#breadcrumb","itemListElement":[{"@type":"ListItem","position":1,"name":"Etusivu","item":"https:\/\/veteraaniensmhiihdot2026.fi\/"},{"@type":"ListItem","position":2,"name":"Tapahtumainfo","item":"https:\/\/veteraaniensmhiihdot2026.fi\/?page_id=2"},{"@type":"ListItem","position":3,"name":"Kilpailuohje"}]},{"@type":"WebSite","@id":"https:\/\/veteraaniensmhiihdot2026.fi\/#website","url":"https:\/\/veteraaniensmhiihdot2026.fi\/","name":"","description":"","potentialAction":[{"@type":"SearchAction","target":{"@type":"EntryPoint","urlTemplate":"https:\/\/veteraaniensmhiihdot2026.fi\/?s={search_term_string}"},"query-input":{"@type":"PropertyValueSpecification","valueRequired":true,"valueName":"search_term_string"}}],"inLanguage":"fi"}]}},"_links":{"self":[{"href":"https:\/\/veteraaniensmhiihdot2026.fi\/index.php?rest_route=\/wp\/v2\/pages\/1302","targetHints":{"allow":["GET"]}}],"collection":[{"href":"https:\/\/veteraaniensmhiihdot2026.fi\/index.php?rest_route=\/wp\/v2\/pages"}],"about":[{"href":"https:\/\/veteraaniensmhiihdot2026.fi\/index.php?rest_route=\/wp\/v2\/types\/page"}],"author":[{"embeddable":true,"href":"https:\/\/veteraaniensmhiihdot2026.fi\/index.php?rest_route=\/wp\/v2\/users\/1"}],"replies":[{"embeddable":true,"href":"https:\/\/veteraaniensmhiihdot2026.fi\/index.php?rest_route=%2Fwp%2Fv2%2Fcomments&post=1302"}],"version-history":[{"count":14,"href":"https:\/\/veteraaniensmhiihdot2026.fi\/index.php?rest_route=\/wp\/v2\/pages\/1302\/revisions"}],"predecessor-version":[{"id":1425,"href":"https:\/\/veteraaniensmhiihdot2026.fi\/index.php?rest_route=\/wp\/v2\/pages\/1302\/revisions\/1425"}],"up":[{"embeddable":true,"href":"https:\/\/veteraaniensmhiihdot2026.fi\/index.php?rest_route=\/wp\/v2\/pages\/2"}],"wp:attachment":[{"href":"https:\/\/veteraaniensmhiihdot2026.fi\/index.php?rest_route=%2Fwp%2Fv2%2Fmedia&parent=1302"}],"curies":[{"name":"wp","href":"https:\/\/api.w.org\/{rel}","templated":true}]}}