{"id":1318,"date":"2026-02-02T16:58:31","date_gmt":"2026-02-02T16:58:31","guid":{"rendered":"https:\/\/veteraaniensmhiihdot2026.fi\/?page_id=1318"},"modified":"2026-03-02T12:02:40","modified_gmt":"2026-03-02T12:02:40","slug":"kilpailuorganisaatio","status":"publish","type":"page","link":"https:\/\/veteraaniensmhiihdot2026.fi\/?page_id=1318","title":{"rendered":"Kilpailuorganisaatio"},"content":{"rendered":"\n<h2 class=\"wp-block-heading\">Kilpailuorganisaatio<\/h2>\n\n\n\n<p>Kilpailujohtaja: Rauno Kukkonen p. 040 511 3297<\/p>\n\n\n\n<p>Kilpailuorganisaation PJ: Juha Korpela p. 040 571 2062<\/p>\n\n\n\n<p>TD: Seppo Kellokumpu p. 040 089 3065<\/p>\n\n\n\n<p>TDA: Juha Torvikoski<\/p>\n\n\n\n<p>Kilpailusihteeri: Juha Siekkinen<\/p>\n\n\n\n<p>Ratamestari: Kalevi Tapaninaho<\/p>\n\n\n\n<p>Stadionp\u00e4\u00e4llikk\u00f6: Markku M\u00e4ki<\/p>\n\n\n\n<p>L\u00e4hetys: Samuli Korpela<\/p>\n\n\n\n<p>Ajanotto: Markku Kukkola \/ tmi hiihtoaika.net<\/p>\n\n\n\n<p>Kuulutus: Krista \u00c5man ja Niina Jaako<\/p>\n\n\n\n<p>Kilpailukanslia: Virve Jouhten<\/p>\n\n\n\n<p>Hiihtotapavalvonta: Esko Alila<\/p>\n\n\n\n<p>Kisaravintola: Vuokko J\u00e4rvenp\u00e4\u00e4<\/p>\n\n\n\n<p>Media ja tiedotus: Harri Uutinen<\/p>\n\n\n\n<p>Palkintojen jako: Pauliina Muraja<\/p>\n\n\n\n<p>Ensiapu: Esko Tuomivaara<\/p>\n\n\n\n<p>Paikoitusalueiden ohjaus: Lions Club Sampola Kempele, Kempeleen Maratonklubi, Vihiluodon kyl\u00e4 yhdistys<\/p>\n\n\n\n\n\n<p><\/p>\n","protected":false},"excerpt":{"rendered":"<p>Kilpailuorganisaatio Kilpailujohtaja: Rauno Kukkonen p. 040 511 3297 Kilpailuorganisaation PJ: Juha Korpela p. 040 571 2062 TD: Seppo Kellokumpu p. 040 089 3065 TDA: Juha Torvikoski Kilpailusihteeri: Juha Siekkinen Ratamestari: Kalevi Tapaninaho Stadionp\u00e4\u00e4llikk\u00f6: Markku M\u00e4ki L\u00e4hetys: Samuli Korpela Ajanotto: Markku Kukkola \/ tmi hiihtoaika.net Kuulutus: Krista \u00c5man ja Niina Jaako Kilpailukanslia: Virve Jouhten Hiihtotapavalvonta: Esko [&hellip;]<\/p>\n","protected":false},"author":1,"featured_media":0,"parent":2,"menu_order":0,"comment_status":"closed","ping_status":"closed","template":"","meta":{"zakra_page_container_layout":"customizer","zakra_page_sidebar_layout":"customizer","zakra_remove_content_margin":false,"zakra_sidebar":"customizer","zakra_transparent_header":"customizer","zakra_logo":0,"zakra_main_header_style":"default","zakra_menu_item_color":"","zakra_menu_item_hover_color":"","zakra_menu_item_active_color":"","zakra_menu_active_style":"","zakra_page_header":false,"footnotes":""},"class_list":["post-1318","page","type-page","status-publish","hentry"],"yoast_head":"<!-- This site is optimized with the Yoast SEO plugin v27.4 - https:\/\/yoast.com\/product\/yoast-seo-wordpress\/ -->\n<title>Kilpailuorganisaatio -<\/title>\n<meta name=\"robots\" content=\"index, follow, max-snippet:-1, max-image-preview:large, max-video-preview:-1\" \/>\n<link rel=\"canonical\" href=\"https:\/\/veteraaniensmhiihdot2026.fi\/?page_id=1318\" \/>\n<meta property=\"og:locale\" content=\"fi_FI\" \/>\n<meta property=\"og:type\" content=\"article\" \/>\n<meta property=\"og:title\" content=\"Kilpailuorganisaatio -\" \/>\n<meta property=\"og:description\" content=\"Kilpailuorganisaatio Kilpailujohtaja: Rauno Kukkonen p. 040 511 3297 Kilpailuorganisaation PJ: Juha Korpela p. 040 571 2062 TD: Seppo Kellokumpu p. 040 089 3065 TDA: Juha Torvikoski Kilpailusihteeri: Juha Siekkinen Ratamestari: Kalevi Tapaninaho Stadionp\u00e4\u00e4llikk\u00f6: Markku M\u00e4ki L\u00e4hetys: Samuli Korpela Ajanotto: Markku Kukkola \/ tmi hiihtoaika.net Kuulutus: Krista \u00c5man ja Niina Jaako Kilpailukanslia: Virve Jouhten Hiihtotapavalvonta: Esko [&hellip;]\" \/>\n<meta property=\"og:url\" content=\"https:\/\/veteraaniensmhiihdot2026.fi\/?page_id=1318\" \/>\n<meta property=\"article:modified_time\" content=\"2026-03-02T12:02:40+00:00\" \/>\n<meta name=\"twitter:card\" content=\"summary_large_image\" \/>\n<meta name=\"twitter:label1\" content=\"Arvioitu lukuaika\" \/>\n\t<meta name=\"twitter:data1\" content=\"1 minuutti\" \/>\n<script type=\"application\/ld+json\" class=\"yoast-schema-graph\">{\"@context\":\"https:\\\/\\\/schema.org\",\"@graph\":[{\"@type\":\"WebPage\",\"@id\":\"https:\\\/\\\/veteraaniensmhiihdot2026.fi\\\/?page_id=1318\",\"url\":\"https:\\\/\\\/veteraaniensmhiihdot2026.fi\\\/?page_id=1318\",\"name\":\"Kilpailuorganisaatio -\",\"isPartOf\":{\"@id\":\"https:\\\/\\\/veteraaniensmhiihdot2026.fi\\\/#website\"},\"datePublished\":\"2026-02-02T16:58:31+00:00\",\"dateModified\":\"2026-03-02T12:02:40+00:00\",\"breadcrumb\":{\"@id\":\"https:\\\/\\\/veteraaniensmhiihdot2026.fi\\\/?page_id=1318#breadcrumb\"},\"inLanguage\":\"fi\",\"potentialAction\":[{\"@type\":\"ReadAction\",\"target\":[\"https:\\\/\\\/veteraaniensmhiihdot2026.fi\\\/?page_id=1318\"]}]},{\"@type\":\"BreadcrumbList\",\"@id\":\"https:\\\/\\\/veteraaniensmhiihdot2026.fi\\\/?page_id=1318#breadcrumb\",\"itemListElement\":[{\"@type\":\"ListItem\",\"position\":1,\"name\":\"Etusivu\",\"item\":\"https:\\\/\\\/veteraaniensmhiihdot2026.fi\\\/\"},{\"@type\":\"ListItem\",\"position\":2,\"name\":\"Tapahtumainfo\",\"item\":\"https:\\\/\\\/veteraaniensmhiihdot2026.fi\\\/?page_id=2\"},{\"@type\":\"ListItem\",\"position\":3,\"name\":\"Kilpailuorganisaatio\"}]},{\"@type\":\"WebSite\",\"@id\":\"https:\\\/\\\/veteraaniensmhiihdot2026.fi\\\/#website\",\"url\":\"https:\\\/\\\/veteraaniensmhiihdot2026.fi\\\/\",\"name\":\"\",\"description\":\"\",\"potentialAction\":[{\"@type\":\"SearchAction\",\"target\":{\"@type\":\"EntryPoint\",\"urlTemplate\":\"https:\\\/\\\/veteraaniensmhiihdot2026.fi\\\/?s={search_term_string}\"},\"query-input\":{\"@type\":\"PropertyValueSpecification\",\"valueRequired\":true,\"valueName\":\"search_term_string\"}}],\"inLanguage\":\"fi\"}]}<\/script>\n<!-- \/ Yoast SEO plugin. -->","yoast_head_json":{"title":"Kilpailuorganisaatio -","robots":{"index":"index","follow":"follow","max-snippet":"max-snippet:-1","max-image-preview":"max-image-preview:large","max-video-preview":"max-video-preview:-1"},"canonical":"https:\/\/veteraaniensmhiihdot2026.fi\/?page_id=1318","og_locale":"fi_FI","og_type":"article","og_title":"Kilpailuorganisaatio -","og_description":"Kilpailuorganisaatio Kilpailujohtaja: Rauno Kukkonen p. 040 511 3297 Kilpailuorganisaation PJ: Juha Korpela p. 040 571 2062 TD: Seppo Kellokumpu p. 040 089 3065 TDA: Juha Torvikoski Kilpailusihteeri: Juha Siekkinen Ratamestari: Kalevi Tapaninaho Stadionp\u00e4\u00e4llikk\u00f6: Markku M\u00e4ki L\u00e4hetys: Samuli Korpela Ajanotto: Markku Kukkola \/ tmi hiihtoaika.net Kuulutus: Krista \u00c5man ja Niina Jaako Kilpailukanslia: Virve Jouhten Hiihtotapavalvonta: Esko [&hellip;]","og_url":"https:\/\/veteraaniensmhiihdot2026.fi\/?page_id=1318","article_modified_time":"2026-03-02T12:02:40+00:00","twitter_card":"summary_large_image","twitter_misc":{"Arvioitu lukuaika":"1 minuutti"},"schema":{"@context":"https:\/\/schema.org","@graph":[{"@type":"WebPage","@id":"https:\/\/veteraaniensmhiihdot2026.fi\/?page_id=1318","url":"https:\/\/veteraaniensmhiihdot2026.fi\/?page_id=1318","name":"Kilpailuorganisaatio -","isPartOf":{"@id":"https:\/\/veteraaniensmhiihdot2026.fi\/#website"},"datePublished":"2026-02-02T16:58:31+00:00","dateModified":"2026-03-02T12:02:40+00:00","breadcrumb":{"@id":"https:\/\/veteraaniensmhiihdot2026.fi\/?page_id=1318#breadcrumb"},"inLanguage":"fi","potentialAction":[{"@type":"ReadAction","target":["https:\/\/veteraaniensmhiihdot2026.fi\/?page_id=1318"]}]},{"@type":"BreadcrumbList","@id":"https:\/\/veteraaniensmhiihdot2026.fi\/?page_id=1318#breadcrumb","itemListElement":[{"@type":"ListItem","position":1,"name":"Etusivu","item":"https:\/\/veteraaniensmhiihdot2026.fi\/"},{"@type":"ListItem","position":2,"name":"Tapahtumainfo","item":"https:\/\/veteraaniensmhiihdot2026.fi\/?page_id=2"},{"@type":"ListItem","position":3,"name":"Kilpailuorganisaatio"}]},{"@type":"WebSite","@id":"https:\/\/veteraaniensmhiihdot2026.fi\/#website","url":"https:\/\/veteraaniensmhiihdot2026.fi\/","name":"","description":"","potentialAction":[{"@type":"SearchAction","target":{"@type":"EntryPoint","urlTemplate":"https:\/\/veteraaniensmhiihdot2026.fi\/?s={search_term_string}"},"query-input":{"@type":"PropertyValueSpecification","valueRequired":true,"valueName":"search_term_string"}}],"inLanguage":"fi"}]}},"_links":{"self":[{"href":"https:\/\/veteraaniensmhiihdot2026.fi\/index.php?rest_route=\/wp\/v2\/pages\/1318","targetHints":{"allow":["GET"]}}],"collection":[{"href":"https:\/\/veteraaniensmhiihdot2026.fi\/index.php?rest_route=\/wp\/v2\/pages"}],"about":[{"href":"https:\/\/veteraaniensmhiihdot2026.fi\/index.php?rest_route=\/wp\/v2\/types\/page"}],"author":[{"embeddable":true,"href":"https:\/\/veteraaniensmhiihdot2026.fi\/index.php?rest_route=\/wp\/v2\/users\/1"}],"replies":[{"embeddable":true,"href":"https:\/\/veteraaniensmhiihdot2026.fi\/index.php?rest_route=%2Fwp%2Fv2%2Fcomments&post=1318"}],"version-history":[{"count":7,"href":"https:\/\/veteraaniensmhiihdot2026.fi\/index.php?rest_route=\/wp\/v2\/pages\/1318\/revisions"}],"predecessor-version":[{"id":1369,"href":"https:\/\/veteraaniensmhiihdot2026.fi\/index.php?rest_route=\/wp\/v2\/pages\/1318\/revisions\/1369"}],"up":[{"embeddable":true,"href":"https:\/\/veteraaniensmhiihdot2026.fi\/index.php?rest_route=\/wp\/v2\/pages\/2"}],"wp:attachment":[{"href":"https:\/\/veteraaniensmhiihdot2026.fi\/index.php?rest_route=%2Fwp%2Fv2%2Fmedia&parent=1318"}],"curies":[{"name":"wp","href":"https:\/\/api.w.org\/{rel}","templated":true}]}}